{"id":29237,"date":"2024-02-27T16:34:14","date_gmt":"2024-02-27T15:34:14","guid":{"rendered":"https:\/\/rachinskyrealestate.ch\/?page_id=29237"},"modified":"2026-02-26T10:39:35","modified_gmt":"2026-02-26T09:39:35","slug":"verkaufen","status":"publish","type":"page","link":"http:\/\/rre.global\/de\/verkaufen\/","title":{"rendered":"VERKAUFEN"},"content":{"rendered":"<p>[et_pb_section fb_built=&#187;1&#8243; fullwidth=&#187;on&#187; disabled_on=&#187;off|off|off&#187; admin_label=&#187;Section&#187; _builder_version=&#187;4.27.2&#8243; custom_padding=&#187;0px|0px|0px|0px&#187; scroll_vertical_motion=&#187;0|28|28|100|4|0|-4&#8243; motion_trigger_start=&#187;bottom&#187; transparent_background=&#187;off&#187; make_fullwidth=&#187;off&#187; use_custom_width=&#187;off&#187; width_unit=&#187;off&#187; custom_width_px=&#187;1080px&#187; custom_width_percent=&#187;80%&#187; locked=&#187;off&#187; global_colors_info=&#187;{}&#187;][et_pb_fullwidth_slider show_pagination=&#187;off&#187; admin_label=&#187;Ihr Traumobjekt&#187; _builder_version=&#187;4.27.4&#8243; header_font_size=&#187;60px&#187; body_line_height=&#187;1.7em&#187; background_enable_color=&#187;off&#187; background_enable_image=&#187;off&#187; button_use_icon=&#187;on&#187; button_icon_color=&#187;#333333&#8243; content_width=&#187;100%&#187; height=&#187;550px&#187; height_tablet=&#187;550px&#187; height_phone=&#187;550px&#187; height_last_edited=&#187;on|phone&#187; custom_padding=&#187;||||false|false&#187; custom_padding_tablet=&#187;|||&#187; custom_padding_phone=&#187;|||&#187; link_option_url=&#187;#consulting&#187; header_font_size_phone=&#187;40px&#187; body_font_size_tablet=&#187;&#187; body_font_size_phone=&#187;16px&#187; body_font_size_last_edited=&#187;on|phone&#187; background_last_edited=&#187;on|desktop&#187; remove_inner_shadow=&#187;on&#187; hide_content_on_mobile=&#187;off&#187; hide_cta_on_mobile=&#187;off&#187; show_inner_shadow=&#187;off&#187; button_letter_spacing_hover=&#187;0&#8243; global_colors_info=&#187;{}&#187; button_text_size__hover_enabled=&#187;off&#187; button_one_text_size__hover_enabled=&#187;off&#187; button_two_text_size__hover_enabled=&#187;off&#187; button_text_color__hover_enabled=&#187;on|hover&#187; button_one_text_color__hover_enabled=&#187;off&#187; button_two_text_color__hover_enabled=&#187;off&#187; button_border_width__hover_enabled=&#187;off&#187; button_one_border_width__hover_enabled=&#187;off&#187; button_two_border_width__hover_enabled=&#187;off&#187; button_border_color__hover_enabled=&#187;off&#187; button_one_border_color__hover_enabled=&#187;off&#187; button_two_border_color__hover_enabled=&#187;off&#187; button_border_radius__hover_enabled=&#187;on|hover&#187; button_one_border_radius__hover_enabled=&#187;off&#187; button_two_border_radius__hover_enabled=&#187;off&#187; button_letter_spacing__hover_enabled=&#187;on&#187; button_letter_spacing__hover=&#187;0&#8243; button_one_letter_spacing__hover_enabled=&#187;off&#187; button_two_letter_spacing__hover_enabled=&#187;off&#187; button_bg_color__hover_enabled=&#187;on|hover&#187; button_one_bg_color__hover_enabled=&#187;off&#187; button_two_bg_color__hover_enabled=&#187;off&#187; button_bg_color__hover=&#187;#FFFFFF&#187; button_bg_enable_color__hover=&#187;on&#187; button_border_radius__hover=&#187;3px&#187; button_text_color__hover=&#187;#333333&#8243;][et_pb_slide button_text=&#187;Bitte w\u00e4hlen Sie aus&#187; button_link=&#187;#consulting&#187; use_bg_overlay=&#187;on&#187; bg_overlay_color=&#187;rgba(0,0,0,0.3)&#187; use_text_overlay=&#187;off&#187; admin_title=&#187;Ihr Traumobjekt &#187; heading_tablet=&#187;&#187; heading_phone=&#187;&#187; heading_last_edited=&#187;on|desktop&#187; content_tablet=&#187;<\/p>\n<h1><span style=%22font-size: xx-large;%22><strong>Wollen Sie Ihre Immobilie verkaufen?<\/strong><\/span><\/h1>\n<p><span>Ihre Experten f\u00fcr stressfreie Hausverk\u00e4ufe in Z\u00fcrich, Knonaueramt und Zug. Vertrauen Sie auf unser fundiertes Know-how.<\/span><\/p>\n<p>&#187; content_phone=&#187;<\/p>\n<h1><span style=%22font-size: x-large;%22><strong>Wollen Sie Ihre Immobilie verkaufen?<\/strong><\/span><\/h1>\n<p><span>Ihre Experten f\u00fcr stressfreie Hausverk\u00e4ufe in Z\u00fcrich, Knonaueramt und Zug. Vertrauen Sie auf unser fundiertes Know-how.<\/span><\/p>\n<p>&#187; content_last_edited=&#187;on|phone&#187; _builder_version=&#187;4.27.2&#8243; header_font=&#187;|800|||||||&#187; header_font_size=&#187;60px&#187; body_font=&#187;||||&#187; background_enable_color=&#187;off&#187; background_image=&#187;https:\/\/rachinskyrealestate.ch\/wp-content\/uploads\/2024\/12\/clay-banks-uFzB-Zn43bQ-unsplash-scaled.jpg&#187; background_enable_image=&#187;on&#187; custom_button=&#187;on&#187; button_text_size=&#187;16&#8243; button_text_color=&#187;#FFFFFF&#187; button_border_color=&#187;#ffffff&#187; button_border_radius=&#187;3px&#187; button_font=&#187;||||&#187; button_use_icon=&#187;on&#187; button_icon_color=&#187;#333333&#8243; button_on_hover=&#187;on&#187; header_font_size_tablet=&#187;80px&#187; header_font_size_phone=&#187;40px&#187; header_font_size_last_edited=&#187;on|phone&#187; body_text_color_tablet=&#187;&#187; body_text_color_phone=&#187;&#187; body_text_color_last_edited=&#187;on|tablet&#187; body_font_size_tablet=&#187;16px&#187; body_font_size_phone=&#187;20px&#187; body_font_size_last_edited=&#187;on|phone&#187; background_last_edited=&#187;on|desktop&#187; button_text_size_tablet=&#187;16&#8243; button_text_size_phone=&#187;16&#8243; button_text_color_hover=&#187;#666666&#8243; button_bg_color_hover=&#187;#ffffff&#187; global_colors_info=&#187;{}&#187; button_text_size__hover_enabled=&#187;off&#187; button_one_text_size__hover_enabled=&#187;off&#187; button_two_text_size__hover_enabled=&#187;off&#187; button_text_color__hover_enabled=&#187;on|hover&#187; button_text_color__hover=&#187;#333333&#8243; button_one_text_color__hover_enabled=&#187;off&#187; button_two_text_color__hover_enabled=&#187;off&#187; button_border_width__hover_enabled=&#187;off&#187; button_one_border_width__hover_enabled=&#187;off&#187; button_two_border_width__hover_enabled=&#187;off&#187; button_border_color__hover_enabled=&#187;off&#187; button_one_border_color__hover_enabled=&#187;off&#187; button_two_border_color__hover_enabled=&#187;off&#187; button_border_radius__hover_enabled=&#187;on|hover&#187; button_one_border_radius__hover_enabled=&#187;off&#187; button_two_border_radius__hover_enabled=&#187;off&#187; button_letter_spacing__hover_enabled=&#187;off&#187; button_one_letter_spacing__hover_enabled=&#187;off&#187; button_two_letter_spacing__hover_enabled=&#187;off&#187; button_bg_color__hover_enabled=&#187;on|hover&#187; button_bg_color__hover=&#187;#FFFFFF&#187; button_one_bg_color__hover_enabled=&#187;off&#187; button_two_bg_color__hover_enabled=&#187;off&#187; button_bg_enable_color__hover=&#187;on&#187; button_border_radius__hover=&#187;3px&#187; sticky_transition=&#187;on&#187;]<\/p>\n<h1><span style=\"font-size: xx-large;\"><strong>Wollen Sie Ihre Immobilie verkaufen?<\/strong><\/span><\/h1>\n<p><span>Vertrauen Sie auf unser fundiertes Know-how<\/span><\/p>\n<p>[\/et_pb_slide][\/et_pb_fullwidth_slider][\/et_pb_section][et_pb_section fb_built=&#187;1&#8243; admin_label=&#187;section&#187; _builder_version=&#187;4.27.4&#8243; background_color=&#187;#f4f2f2&#8243; custom_margin=&#187;0px||||false|false&#187; custom_padding=&#187;5px||||false|false&#187; global_colors_info=&#187;{}&#187;][et_pb_row column_structure=&#187;1_2,1_2&#8243; use_custom_gutter=&#187;on&#187; gutter_width=&#187;4&#8243; make_equal=&#187;on&#187; module_id=&#187;consulting&#187; _builder_version=&#187;4.27.5&#8243; _module_preset=&#187;default&#187; max_width=&#187;1200px&#187; custom_margin=&#187;30px||||false|false&#187; hover_enabled=&#187;0&#8243; global_colors_info=&#187;{}&#187; sticky_enabled=&#187;0&#8243;][et_pb_column type=&#187;1_2&#8243; _builder_version=&#187;4.27.4&#8243; _module_preset=&#187;default&#187; link_option_url=&#187;https:\/\/calendly.com\/rre-global\/beratungstermin-telefonisch&#187; link_option_url_new_window=&#187;on&#187; border_width_all=&#187;9px&#187; border_color_all=&#187;#FFBB33&#8243; box_shadow_style=&#187;preset2&#8243; global_colors_info=&#187;{}&#187;][et_pb_text _builder_version=&#187;4.27.2&#8243; _module_preset=&#187;default&#187; custom_margin=&#187;0px||0px||false|false&#187; custom_padding=&#187;20px|15px|20px|15px|false|false&#187; global_colors_info=&#187;{}&#187;]<\/p>\n<h1>Kostenloser Beratungstermin<\/h1>\n<p>Vereinbaren Sie jetzt Ihr individuelles Beratungsgespr\u00e4ch mit unserem Makler, um Ihre Rendite oder Verkaufschancen zu maximieren.<\/p>\n<p>Ihre Vorteile:<\/p>\n<p>\u2714 Beratungsgespr\u00e4ch (Telefonisch oder vor Ort)<br \/>\u2714 Pr\u00e4zise und Detaillierte Bewertung<br \/>\u2714 Kostenlos &amp; unverbindlich<br \/>\u2714 Exclusive <a href=\"https:\/\/rachinskyrealestate.ch\/de\/home-staging\/\">Home-Staging Services<\/a><\/p>\n<p>[\/et_pb_text][et_pb_button button_url=&#187;https:\/\/calendly.com\/rre-global\/beratungstermin-telefonisch&#187; url_new_window=&#187;on&#187; button_text=&#187;R\u00fcckruf Anfragen&#187; button_alignment=&#187;left&#187; _builder_version=&#187;4.27.4&#8243; _module_preset=&#187;default&#187; custom_button=&#187;on&#187; button_text_color=&#187;#FFFFFF&#187; button_bg_color=&#187;#007C3F&#187; custom_margin=&#187;0px||20px|15px|false|false&#187; global_colors_info=&#187;{}&#187;][\/et_pb_button][\/et_pb_column][et_pb_column type=&#187;1_2&#8243; _builder_version=&#187;4.27.5&#8243; _dynamic_attributes=&#187;link_option_url&#187; _module_preset=&#187;default&#187; link_option_url=&#187;@ET-DC@eyJkeW5hbWljIjp0cnVlLCJjb250ZW50IjoicG9zdF9saW5rX3VybF9wYWdlIiwic2V0dGluZ3MiOnsicG9zdF9pZCI6IjQ1In19@&#187; hover_enabled=&#187;0&#8243; border_width_all=&#187;2px&#187; border_color_all=&#187;#76788A&#187; box_shadow_style=&#187;preset2&#8243; global_colors_info=&#187;{}&#187; sticky_enabled=&#187;0&#8243;][et_pb_text _builder_version=&#187;4.27.5&#8243; _module_preset=&#187;default&#187; custom_margin=&#187;0px||0px||false|false&#187; custom_padding=&#187;20px|15px|20px|15px|false|false&#187; hover_enabled=&#187;0&#8243; global_colors_info=&#187;{}&#187; sticky_enabled=&#187;0&#8243;]<\/p>\n<h1>Online Bewertung<\/h1>\n<p>Wir bieten Ihnen eine schnelle, kostenlose und unverbindliche Bewertung Ihrer Immobilie \u2013 basierend auf einem Algorithmus, der Big Data und AI einsetzt.<\/p>\n<p>Die Bewertung umfasst:<\/p>\n<p>\u2714 Lagequalit\u00e4t<br \/>\u2714 Mietpreisberechnungen und Angebotstrends<br \/>\u2714 Markttrends, Umwelt- und sozio\u00f6konomische Analysen<br \/>\u2714 Bevorstehende Bauprojekte und Vergleichsobjekte<\/p>\n<p>[\/et_pb_text][et_pb_button button_url=&#187;@ET-DC@eyJkeW5hbWljIjp0cnVlLCJjb250ZW50IjoicG9zdF9saW5rX3VybF9wYWdlIiwic2V0dGluZ3MiOnsicG9zdF9pZCI6IjMyMjg0In19@&#187; button_text=&#187;Kontaktieren Sie uns&#187; _builder_version=&#187;4.27.5&#8243; _dynamic_attributes=&#187;button_url&#187; _module_preset=&#187;default&#187; custom_button=&#187;on&#187; button_bg_color=&#187;RGBA(255,255,255,0)&#187; custom_margin=&#187;||20px|15px|false|false&#187; hover_enabled=&#187;0&#8243; global_colors_info=&#187;{}&#187; sticky_enabled=&#187;0&#8243;][\/et_pb_button][\/et_pb_column][\/et_pb_row][\/et_pb_section]<\/p>\n","protected":false},"excerpt":{"rendered":"<p>Wollen Sie Ihre Immobilie verkaufen? Vertrauen Sie auf unser fundiertes Know-howKostenloser Beratungstermin Vereinbaren Sie jetzt Ihr individuelles Beratungsgespr\u00e4ch mit unserem Makler, um Ihre Rendite oder Verkaufschancen zu maximieren. Ihre Vorteile: \u2714 Beratungsgespr\u00e4ch (Telefonisch oder vor Ort)\u2714 Pr\u00e4zise und Detaillierte Bewertung\u2714 Kostenlos &amp; unverbindlich\u2714 Exclusive Home-Staging ServicesOnline Bewertung Wir bieten Ihnen eine schnelle, kostenlose und unverbindliche [&hellip;]<\/p>\n","protected":false},"author":1,"featured_media":0,"parent":0,"menu_order":0,"comment_status":"closed","ping_status":"closed","template":"","meta":{"_et_pb_use_builder":"on","_et_pb_old_content":"<!-- wp:paragraph -->\n<p>This is an example page. It's different from a blog post because it will stay in one place and will show up in your site navigation (in most themes). Most people start with an About page that introduces them to potential site visitors. It might say something like this:<\/p>\n<!-- \/wp:paragraph -->\n\n<!-- wp:quote -->\n<blockquote class=\"wp-block-quote\"><p>Hi there! I'm a bike messenger by day, aspiring actor by night, and this is my website. I live in Los Angeles, have a great dog named Jack, and I like pi&#241;a coladas. (And gettin' caught in the rain.)<\/p><\/blockquote>\n<!-- \/wp:quote -->\n\n<!-- wp:paragraph -->\n<p>...or something like this:<\/p>\n<!-- \/wp:paragraph -->\n\n<!-- wp:quote -->\n<blockquote class=\"wp-block-quote\"><p>The XYZ Doohickey Company was founded in 1971, and has been providing quality doohickeys to the public ever since. Located in Gotham City, XYZ employs over 2,000 people and does all kinds of awesome things for the Gotham community.<\/p><\/blockquote>\n<!-- \/wp:quote -->\n\n<!-- wp:paragraph -->\n<p>As a new WordPress user, you should go to <a href=\"http:\/\/zx0bdbgllh.preview.infomaniak.website\/wp-admin\/\">your dashboard<\/a> to delete this page and create new pages for your content. Have fun!<\/p>\n<!-- \/wp:paragraph -->","_et_gb_content_width":"","om_disable_all_campaigns":false,"_monsterinsights_skip_tracking":false,"_monsterinsights_sitenote_active":false,"_monsterinsights_sitenote_note":"","_monsterinsights_sitenote_category":0,"_uf_show_specific_survey":0,"_uf_disable_surveys":false,"footnotes":""},"class_list":["post-29237","page","type-page","status-publish","hentry"],"aioseo_notices":[],"_links":{"self":[{"href":"http:\/\/rre.global\/de\/wp-json\/wp\/v2\/pages\/29237","targetHints":{"allow":["GET"]}}],"collection":[{"href":"http:\/\/rre.global\/de\/wp-json\/wp\/v2\/pages"}],"about":[{"href":"http:\/\/rre.global\/de\/wp-json\/wp\/v2\/types\/page"}],"author":[{"embeddable":true,"href":"http:\/\/rre.global\/de\/wp-json\/wp\/v2\/users\/1"}],"replies":[{"embeddable":true,"href":"http:\/\/rre.global\/de\/wp-json\/wp\/v2\/comments?post=29237"}],"version-history":[{"count":129,"href":"http:\/\/rre.global\/de\/wp-json\/wp\/v2\/pages\/29237\/revisions"}],"predecessor-version":[{"id":35735,"href":"http:\/\/rre.global\/de\/wp-json\/wp\/v2\/pages\/29237\/revisions\/35735"}],"wp:attachment":[{"href":"http:\/\/rre.global\/de\/wp-json\/wp\/v2\/media?parent=29237"}],"curies":[{"name":"wp","href":"https:\/\/api.w.org\/{rel}","templated":true}]}}