{"id":29985,"date":"2024-03-08T11:16:35","date_gmt":"2024-03-08T10:16:35","guid":{"rendered":"https:\/\/rachinskyrealestate.ch\/?page_id=29985"},"modified":"2025-08-20T21:57:01","modified_gmt":"2025-08-20T19:57:01","slug":"cookie-policy","status":"publish","type":"page","link":"https:\/\/rre.global\/de\/cookie-policy\/","title":{"rendered":"COOKIE POLICY"},"content":{"rendered":"<p>[et_pb_section fb_built=&#187;1&#8243; admin_label=&#187;section&#187; _builder_version=&#187;4.27.4&#8243; custom_padding=&#187;|||14px||&#187; hover_enabled=&#187;0&#8243; global_colors_info=&#187;{}&#187; background_color=&#187;#f4f2f2&#8243; sticky_enabled=&#187;0&#8243;][et_pb_row admin_label=&#187;row&#187; _builder_version=&#187;4.16&#8243; background_size=&#187;initial&#187; background_position=&#187;top_left&#187; background_repeat=&#187;repeat&#187; global_colors_info=&#187;{}&#187;][et_pb_column type=&#187;4_4&#8243; _builder_version=&#187;4.16&#8243; custom_padding=&#187;|||&#187; global_colors_info=&#187;{}&#187; custom_padding__hover=&#187;|||&#187;][et_pb_text admin_label=&#187;Text&#187; _builder_version=&#187;4.24.2&#8243; background_size=&#187;initial&#187; background_position=&#187;top_left&#187; background_repeat=&#187;repeat&#187; global_colors_info=&#187;{}&#187;]<\/p>\n<div class=\"one_line_col\">\n<h1>Cookie Richtlinie<\/h1>\n<p>Dieses Dokument informiert Nutzer \u00fcber die Technologien, die diese Anwendung einsetzt, um die unten beschriebenen Zwecke zu erreichen. Diese Technologien erm\u00f6glichen den Zugriff auf oder die Speicherung von Informationen (z. B. durch Einsatz von Cookies) auf dem Ger\u00e4t des Nutzers oder die Nutzung der Datenverarbeitungskapazit\u00e4ten des Ger\u00e4ts, wenn der Nutzer diese Anwendung abruft oder ausf\u00fchrt.<\/p>\n<p>Der Einfachheit halber werden solche Technologien, sofern kein Anlass f\u00fcr eine Differenzierung besteht, innerhalb dieses Dokumentes als \u201eTracker\u201c definiert.<br \/>Beispielsweise k\u00f6nnen Cookies zwar sowohl in Web- als auch in Mobilbrowsern zum Einsatz kommen, kommen jedoch als browserbasierte Tacker bei mobilen Apps nicht in Frage. Daher wird in diesem Dokument der Begriff Cookie nur dann verwendet, wenn konkret die Art von Tracker gemeint ist.<\/p>\n<p>Einige der Verarbeitungszwecke, zu denen Tracker eingesetzt werden, erfordern die Einwilligung des Nutzers. Wird die Einwilligung erteilt, so kann sie jederzeit nach dem in diesem Dokument beschriebenen Verfahren frei widerrufen werden.<\/p>\n<p>Diese Anwendung setzt nur anbietereigene Tracker ein (sogenannte \u201efirst-party Tracker\u201c).<br \/>Die Geltungsdauer und der Verfall von first-party Cookies und anderen vergleichbaren Trackern h\u00e4ngen von der vom Anbieter festgelegten Lebensdauer ab.<\/p>\n<h2 class=\"iub-purpose-stack iub-purpose-stack-1\"><\/h2>\n<h2 class=\"iub-purpose-stack iub-purpose-stack-1\">Unbedingt erforderliche Vorg\u00e4nge, um diese Anwendung zu betreiben und den Dienst zu erbringen<\/h2>\n<p>Diese Anwendung nutzt sogenannte \u201etechnische\u201c Cookies und \u00e4hnliche Tracker, um Vorg\u00e4nge zu erm\u00f6glichen, die f\u00fcr die Durchf\u00fchrung und Erbringung des Dienstes unbedingt erforderlich sind.<\/p>\n<h2><\/h2>\n<h2>First-party Tracker<\/h2>\n<p>Speicherdauer: bis zu 180 Tage<\/p>\n<h2 class=\"iub-subheading iub-subheading-manage-gdpr\"><\/h2>\n<h2 class=\"iub-subheading iub-subheading-manage-gdpr\" id=\"manage_cookies\">So k\u00f6nnen Pr\u00e4ferenzen verwaltet werden<\/h2>\n<p>Die Verwaltung von Tracker-Einstellungen kann auf verschiedene Weisen erfolgen:<\/p>\n<p>Nutzer k\u00f6nnen Tracker-Einstellungen direkt \u00fcber die eigenen Ger\u00e4teeinstellungen verwalten, indem Sie z. B. dem Einsatz oder der Speicherung von Trackern g\u00e4nzlich widersprechen.<\/p>\n<p>Zudem k\u00f6nnen Nutzer ihre Pr\u00e4ferenzen im Cookie-Hinweis oder durch Aktualisieren ihrer Pr\u00e4ferenzen \u00fcber das entsprechende Einwilligungs-Widget f\u00fcr Datenschutzpr\u00e4ferenzen (sofern vorhanden) festlegen.<\/p>\n<p>\u00dcber die entsprechenden Browser- oder Ger\u00e4teeinstellungen k\u00f6nnen auch bereits abgespeicherte Tracker, einschlie\u00dflich solcher, die f\u00fcr die Speicherung der urspr\u00fcnglichen Einwilligungspr\u00e4ferenzen des Nutzers zust\u00e4ndig sind, gel\u00f6scht werden.<\/p>\n<p>Andere Tracker, die im lokalen Speicher des Browsers abgelegt sind, k\u00f6nnen durch L\u00f6schen des Verlaufs entfernt werden.<\/p>\n<h2><\/h2>\n<h2>Trackereinstellungen verwalten<\/h2>\n<p>Nutzer k\u00f6nnen zum Beispiel unter den nachfolgenden Adressen Informationen zur Verwaltung von Cookies \u00fcber die g\u00e4ngigsten Browser finden:<\/p>\n<ul>\n<li><a rel=\"noopener nofollow\" target=\"_blank\" href=\"https:\/\/support.google.com\/chrome\/answer\/95647?hl=de&amp;p=cpn_cookies\">Google Chrome<\/a><\/li>\n<li><a rel=\"noopener nofollow\" target=\"_blank\" href=\"https:\/\/support.mozilla.org\/de\/kb\/cookies-erlauben-und-ablehnen\">Mozilla Firefox<\/a><\/li>\n<li><a rel=\"noopener nofollow\" target=\"_blank\" href=\"https:\/\/support.apple.com\/de-de\/guide\/safari\/manage-cookies-and-website-data-sfri11471\">Apple Safari<\/a><\/li>\n<li><a rel=\"noopener nofollow\" target=\"_blank\" href=\"http:\/\/windows.microsoft.com\/de-de\/windows-vista\/block-or-allow-cookies\">Microsoft Internet Explorer<\/a><\/li>\n<li><a rel=\"noopener nofollow\" target=\"_blank\" href=\"https:\/\/support.microsoft.com\/de-de\/help\/4027947\">Microsoft Edge<\/a><\/li>\n<li><a rel=\"noopener nofollow\" target=\"_blank\" href=\"https:\/\/support.brave.com\/hc\/articles\/360022806212-How-do-I-use-Shields-while-browsing\">Brave<\/a><\/li>\n<li><a rel=\"noopener nofollow\" target=\"_blank\" href=\"https:\/\/help.opera.com\/de\/latest\/web-preferences\/#cookies\">Opera<\/a><\/li>\n<\/ul>\n<p>Nutzer k\u00f6nnen auch bestimmte innerhalb von mobilen Apps eingesetzte Tracker \u00fcber entsprechende Ger\u00e4teinstellungen verwalten \u2013 zum Beispiel \u00fcber die Ger\u00e4teinstellungen zu Werbung auf mobilen Ger\u00e4ten, oder generell \u00fcber Trackingeinstellungen (Nutzer k\u00f6nnen Ger\u00e4teinstellungen aufrufen und die entsprechenden Befehle suchen).<\/p>\n<h2><\/h2>\n<h2>Folgen der Ablehnung der Verwendung von Trackern<\/h2>\n<p>Nutzer k\u00f6nnen frei entscheiden, ob sie ihre Einwilligung f\u00fcr die Verwendung von Trackern erteilen oder nicht. Es sollte jedoch beachtet werden, dass Tracker dazu beitragen, dass diese Anwendung den Nutzern eine bessere Nutzererfahrung und erweiterte Funktionen bieten kann (in \u00dcbereinstimmung mit den in diesem Dokument beschriebenen Zwecken). Sofern sich der Nutzer daf\u00fcr entscheidet, die Verwendung von Trackern zu blockiern, ist der Anbieter daher m\u00f6glicherweise nicht in der Lage, entsprechende Funktionen bereitzustellen.<\/p>\n<h2 class=\"iub-subheading iub-subheading-owner-and-data-controller\"><\/h2>\n<h2 class=\"iub-subheading iub-subheading-owner-and-data-controller\" id=\"owner_of_the_data\">Anbieter und Verantwortlicher<\/h2>\n<p><strong>E-Mail-Adresse des Anbieters:<\/strong> <a href=\"mailto:maria@rre.global\">hello@rre.global<\/a><br \/><strong>Webseite des Anbieters:<\/strong> www.rre.global<\/p>\n<p>Aufgrund der objektiven Komplexit\u00e4t von Tracking-Technologien, werden Nutzer aufgefordert, Kontakt zum Anbieter aufzunehmen, sofern sie weitere Informationen zum Einsatz solcher Technologien durch diese Anwendung zu erhalten w\u00fcnschen.<\/p>\n<\/div>\n<div class=\"one_line_col\">\n<div class=\"box_primary box_10 definitions expand\">\n<h2 class=\"expand-click w_icon_24 icon_ribbon\"><\/h2>\n<h2 class=\"expand-click w_icon_24 icon_ribbon\">Begriffsbestimmungen und rechtliche Hinweise<\/h2>\n<\/div>\n<\/div>\n<div class=\"iub_footer\">\n<p>Letzte Aktualisierung: 01. Januar 2025<\/p>\n<p>&nbsp;<\/p>\n<p><a href=\"https:\/\/www.iubenda.com\/de\/cookie-solution\" title=\"iubenda \u2013 Cookie-Richtlinie und Cookie Solution\" target=\"_blank\" rel=\"noopener\">iubenda<\/a> hostet diese Inhalte und erhebt nur <a href=\"https:\/\/www.iubenda.com\/privacy-policy\/45483222\" target=\"_blank\" rel=\"noopener\">die personenbezogenen Daten<\/a>, die unbedingt erforderlich sind, um sie zur Verf\u00fcgung zu stellen.<\/p>\n<p><a href=\"https:\/\/rachinskyrealestate.ch\/de\/privacy-policy\/\">Vollst\u00e4ndige Datenschutzerkl\u00e4rung anzeigen<\/a><\/p>\n<\/div>\n<p>[\/et_pb_text][\/et_pb_column][\/et_pb_row][\/et_pb_section]<\/p>\n","protected":false},"excerpt":{"rendered":"<p>Cookie Richtlinie Dieses Dokument informiert Nutzer \u00fcber die Technologien, die diese Anwendung einsetzt, um die unten beschriebenen Zwecke zu erreichen. Diese Technologien erm\u00f6glichen den Zugriff auf oder die Speicherung von Informationen (z. B. durch Einsatz von Cookies) auf dem Ger\u00e4t des Nutzers oder die Nutzung der Datenverarbeitungskapazit\u00e4ten des Ger\u00e4ts, wenn der Nutzer diese Anwendung abruft [&hellip;]<\/p>\n","protected":false},"author":1,"featured_media":0,"parent":0,"menu_order":0,"comment_status":"closed","ping_status":"closed","template":"","meta":{"_et_pb_use_builder":"on","_et_pb_old_content":"<!-- wp:paragraph -->\n<p>This is an example page. It's different from a blog post because it will stay in one place and will show up in your site navigation (in most themes). Most people start with an About page that introduces them to potential site visitors. It might say something like this:<\/p>\n<!-- \/wp:paragraph -->\n\n<!-- wp:quote -->\n<blockquote class=\"wp-block-quote\"><p>Hi there! I'm a bike messenger by day, aspiring actor by night, and this is my website. I live in Los Angeles, have a great dog named Jack, and I like pi&#241;a coladas. (And gettin' caught in the rain.)<\/p><\/blockquote>\n<!-- \/wp:quote -->\n\n<!-- wp:paragraph -->\n<p>...or something like this:<\/p>\n<!-- \/wp:paragraph -->\n\n<!-- wp:quote -->\n<blockquote class=\"wp-block-quote\"><p>The XYZ Doohickey Company was founded in 1971, and has been providing quality doohickeys to the public ever since. Located in Gotham City, XYZ employs over 2,000 people and does all kinds of awesome things for the Gotham community.<\/p><\/blockquote>\n<!-- \/wp:quote -->\n\n<!-- wp:paragraph -->\n<p>As a new WordPress user, you should go to <a href=\"http:\/\/zx0bdbgllh.preview.infomaniak.website\/wp-admin\/\">your dashboard<\/a> to delete this page and create new pages for your content. Have fun!<\/p>\n<!-- \/wp:paragraph -->","_et_gb_content_width":"","om_disable_all_campaigns":false,"_monsterinsights_skip_tracking":false,"_monsterinsights_sitenote_active":false,"_monsterinsights_sitenote_note":"","_monsterinsights_sitenote_category":0,"_uf_show_specific_survey":0,"_uf_disable_surveys":false,"footnotes":""},"class_list":["post-29985","page","type-page","status-publish","hentry"],"aioseo_notices":[],"_links":{"self":[{"href":"https:\/\/rre.global\/de\/wp-json\/wp\/v2\/pages\/29985","targetHints":{"allow":["GET"]}}],"collection":[{"href":"https:\/\/rre.global\/de\/wp-json\/wp\/v2\/pages"}],"about":[{"href":"https:\/\/rre.global\/de\/wp-json\/wp\/v2\/types\/page"}],"author":[{"embeddable":true,"href":"https:\/\/rre.global\/de\/wp-json\/wp\/v2\/users\/1"}],"replies":[{"embeddable":true,"href":"https:\/\/rre.global\/de\/wp-json\/wp\/v2\/comments?post=29985"}],"version-history":[{"count":11,"href":"https:\/\/rre.global\/de\/wp-json\/wp\/v2\/pages\/29985\/revisions"}],"predecessor-version":[{"id":34181,"href":"https:\/\/rre.global\/de\/wp-json\/wp\/v2\/pages\/29985\/revisions\/34181"}],"wp:attachment":[{"href":"https:\/\/rre.global\/de\/wp-json\/wp\/v2\/media?parent=29985"}],"curies":[{"name":"wp","href":"https:\/\/api.w.org\/{rel}","templated":true}]}}