{"id":32167,"date":"2024-11-17T19:02:55","date_gmt":"2024-11-17T18:02:55","guid":{"rendered":"https:\/\/rachinskyrealestate.ch\/?page_id=32167"},"modified":"2025-09-10T18:04:15","modified_gmt":"2025-09-10T16:04:15","slug":"home-staging","status":"publish","type":"page","link":"https:\/\/rre.global\/de\/home-staging\/","title":{"rendered":"HOME STAGING"},"content":{"rendered":"<p>[et_pb_section fb_built=&#8221;1&#8243; fullwidth=&#8221;on&#8221; admin_label=&#8221;Section&#8221; _builder_version=&#8221;4.27.2&#8243; custom_padding=&#8221;0px|0px|0px|0px&#8221; scroll_vertical_motion=&#8221;0|28|28|100|4|0|-4&#8243; motion_trigger_start=&#8221;bottom&#8221; transparent_background=&#8221;off&#8221; make_fullwidth=&#8221;off&#8221; use_custom_width=&#8221;off&#8221; width_unit=&#8221;off&#8221; custom_width_px=&#8221;1080px&#8221; custom_width_percent=&#8221;80%&#8221; global_colors_info=&#8221;{}&#8221;][et_pb_fullwidth_slider show_pagination=&#8221;off&#8221; admin_label=&#8221;Ihr Traumobjekt&#8221; _builder_version=&#8221;4.27.4&#8243; header_font_size=&#8221;60px&#8221; background_enable_color=&#8221;off&#8221; background_enable_image=&#8221;off&#8221; button_use_icon=&#8221;on&#8221; button_icon_color=&#8221;#333333&#8243; height=&#8221;550px&#8221; height_tablet=&#8221;550px&#8221; height_phone=&#8221;550px&#8221; height_last_edited=&#8221;on|phone&#8221; custom_padding=&#8221;||||false|false&#8221; custom_padding_tablet=&#8221;|||&#8221; custom_padding_phone=&#8221;|||&#8221; link_option_url=&#8221;#homestaging&#8221; hover_enabled=&#8221;0&#8243; header_font_size_phone=&#8221;40px&#8221; body_font_size_tablet=&#8221;&#8221; body_font_size_phone=&#8221;16px&#8221; body_font_size_last_edited=&#8221;on|phone&#8221; background_last_edited=&#8221;on|desktop&#8221; remove_inner_shadow=&#8221;on&#8221; hide_content_on_mobile=&#8221;off&#8221; hide_cta_on_mobile=&#8221;off&#8221; show_inner_shadow=&#8221;off&#8221; button_letter_spacing_hover=&#8221;0&#8243; global_colors_info=&#8221;{}&#8221; button_text_size__hover_enabled=&#8221;off&#8221; button_one_text_size__hover_enabled=&#8221;off&#8221; button_two_text_size__hover_enabled=&#8221;off&#8221; button_text_color__hover_enabled=&#8221;on|hover&#8221; button_one_text_color__hover_enabled=&#8221;off&#8221; button_two_text_color__hover_enabled=&#8221;off&#8221; button_border_width__hover_enabled=&#8221;off&#8221; button_one_border_width__hover_enabled=&#8221;off&#8221; button_two_border_width__hover_enabled=&#8221;off&#8221; button_border_color__hover_enabled=&#8221;off&#8221; button_one_border_color__hover_enabled=&#8221;off&#8221; button_two_border_color__hover_enabled=&#8221;off&#8221; button_border_radius__hover_enabled=&#8221;on|hover&#8221; button_one_border_radius__hover_enabled=&#8221;off&#8221; button_two_border_radius__hover_enabled=&#8221;off&#8221; button_letter_spacing__hover_enabled=&#8221;on&#8221; button_letter_spacing__hover=&#8221;0&#8243; button_one_letter_spacing__hover_enabled=&#8221;off&#8221; button_two_letter_spacing__hover_enabled=&#8221;off&#8221; button_bg_color__hover_enabled=&#8221;on|hover&#8221; button_one_bg_color__hover_enabled=&#8221;off&#8221; button_two_bg_color__hover_enabled=&#8221;off&#8221; button_bg_color__hover=&#8221;#FFFFFF&#8221; button_bg_enable_color__hover=&#8221;on&#8221; button_border_radius__hover=&#8221;3px&#8221; button_text_color__hover=&#8221;#333333&#8243; sticky_enabled=&#8221;0&#8243;][et_pb_slide button_text=&#8221;Home Staging Anfragen&#8221; button_link=&#8221;@ET-DC@eyJkeW5hbWljIjp0cnVlLCJjb250ZW50IjoicG9zdF9saW5rX3VybF9wYWdlIiwic2V0dGluZ3MiOnsicG9zdF9pZCI6IjMyMzQ4In19@&#8221; url_new_window=&#8221;on&#8221; use_bg_overlay=&#8221;on&#8221; bg_overlay_color=&#8221;rgba(0,0,0,0.3)&#8221; use_text_overlay=&#8221;off&#8221; admin_title=&#8221;Home Staging&#8221; heading_tablet=&#8221;&#8221; heading_phone=&#8221;&#8221; heading_last_edited=&#8221;on|phone&#8221; content_tablet=&#8221;<\/p>\n<h1><span style=%22font-size: xx-large;%22><strong>Home Staging<\/strong><\/span><\/h1>\n<p><span>Unser professioneller Home Staging Service zur Steigerung des Verkaufspotenzials Ihrer Immobilie<\/span><\/p>\n<p>&#8221; content_phone=&#8221;<\/p>\n<h1><span style=%22font-size: x-large;%22><strong>Home Staging<\/strong><\/span><\/h1>\n<p><span>Unser professioneller Home Staging Service zur Steigerung des Verkaufspotenzials Ihrer Immobilie<\/span><\/p>\n<p>&#8221; content_last_edited=&#8221;on|phone&#8221; _builder_version=&#8221;4.27.4&#8243; _dynamic_attributes=&#8221;button_link&#8221; header_font=&#8221;|800|||||||&#8221; header_font_size=&#8221;60px&#8221; body_font=&#8221;||||&#8221; background_enable_color=&#8221;off&#8221; background_image=&#8221;http:\/\/rre.global\/wp-content\/uploads\/2025\/08\/HS_1-scaled.jpg&#8221; background_enable_image=&#8221;on&#8221; custom_button=&#8221;on&#8221; button_text_size=&#8221;16&#8243; button_text_color=&#8221;#FFFFFF&#8221; button_border_color=&#8221;#ffffff&#8221; button_border_radius=&#8221;3px&#8221; button_font=&#8221;||||&#8221; button_use_icon=&#8221;on&#8221; button_icon_color=&#8221;#333333&#8243; button_on_hover=&#8221;on&#8221; header_font_size_tablet=&#8221;80px&#8221; header_font_size_phone=&#8221;40px&#8221; header_font_size_last_edited=&#8221;on|phone&#8221; body_text_color_tablet=&#8221;&#8221; body_text_color_phone=&#8221;&#8221; body_text_color_last_edited=&#8221;on|phone&#8221; body_font_size_tablet=&#8221;16px&#8221; body_font_size_phone=&#8221;20px&#8221; body_font_size_last_edited=&#8221;on|phone&#8221; background_last_edited=&#8221;on|desktop&#8221; button_text_size_tablet=&#8221;16&#8243; button_text_size_phone=&#8221;16&#8243; button_text_color_hover=&#8221;#666666&#8243; button_bg_color_hover=&#8221;#ffffff&#8221; global_colors_info=&#8221;{}&#8221; button_text_size__hover_enabled=&#8221;off&#8221; button_one_text_size__hover_enabled=&#8221;off&#8221; button_two_text_size__hover_enabled=&#8221;off&#8221; button_text_color__hover_enabled=&#8221;on|hover&#8221; button_text_color__hover=&#8221;#333333&#8243; button_one_text_color__hover_enabled=&#8221;off&#8221; button_two_text_color__hover_enabled=&#8221;off&#8221; button_border_width__hover_enabled=&#8221;off&#8221; button_one_border_width__hover_enabled=&#8221;off&#8221; button_two_border_width__hover_enabled=&#8221;off&#8221; button_border_color__hover_enabled=&#8221;off&#8221; button_one_border_color__hover_enabled=&#8221;off&#8221; button_two_border_color__hover_enabled=&#8221;off&#8221; button_border_radius__hover_enabled=&#8221;on|hover&#8221; button_one_border_radius__hover_enabled=&#8221;off&#8221; button_two_border_radius__hover_enabled=&#8221;off&#8221; button_letter_spacing__hover_enabled=&#8221;off&#8221; button_one_letter_spacing__hover_enabled=&#8221;off&#8221; button_two_letter_spacing__hover_enabled=&#8221;off&#8221; button_bg_color__hover_enabled=&#8221;on|hover&#8221; button_bg_color__hover=&#8221;#FFFFFF&#8221; button_one_bg_color__hover_enabled=&#8221;off&#8221; button_two_bg_color__hover_enabled=&#8221;off&#8221; button_bg_enable_color__hover=&#8221;on&#8221; button_border_radius__hover=&#8221;3px&#8221; sticky_transition=&#8221;on&#8221;]<\/p>\n<h1><span style=\"font-size: xx-large;\"><strong>Home Staging<\/strong><\/span><\/h1>\n<p><span>Unser professioneller Home Staging Service zur Steigerung des Verkaufspotenzials Ihrer Immobilie<\/span><\/p>\n<p>[\/et_pb_slide][\/et_pb_fullwidth_slider][\/et_pb_section][et_pb_section fb_built=&#8221;1&#8243; disabled_on=&#8221;off|off|off&#8221; module_id=&#8221;homestaging&#8221; _builder_version=&#8221;4.27.4&#8243; _module_preset=&#8221;default&#8221; background_color=&#8221;#f4f2f2&#8243; custom_margin=&#8221;0px||||false|false&#8221; custom_padding=&#8221;0px||||false|false&#8221; global_colors_info=&#8221;{}&#8221;][et_pb_row _builder_version=&#8221;4.27.2&#8243; _module_preset=&#8221;default&#8221; width=&#8221;90%&#8221; max_width=&#8221;1100px&#8221; global_colors_info=&#8221;{}&#8221;][et_pb_column type=&#8221;4_4&#8243; _builder_version=&#8221;4.27.2&#8243; _module_preset=&#8221;default&#8221; global_colors_info=&#8221;{}&#8221;][et_pb_text _builder_version=&#8221;4.27.2&#8243; _module_preset=&#8221;default&#8221; global_colors_info=&#8221;{}&#8221;]<\/p>\n<h1>Was ist Home Staging?<\/h1>\n<p>Home Staging ist die professionelle Vorbereitung einer Immobilie f\u00fcr den Verkauf oder die Vermietung. Ziel ist es, R\u00e4ume so zu gestalten, dass sie m\u00f6glichst attraktiv und einladend wirken, um potenzielle K\u00e4ufer oder Mieter anzusprechen. Durch passende M\u00f6blierung, Dekoration und Beleuchtung wird das Potenzial der Immobilie hervorgehoben, wodurch oft ein schnellerer Verkauf und ein h\u00f6herer Preis erzielt werden k\u00f6nnen.<\/p>\n<p>Wenn wir \u00fcber Home Staging sprechen, ist der Return on Investment (ROI) entscheidend. Unsere Marktstudien zeigen, dass professionell gestaltete Immobilien durchschnittlich <strong>73% schneller<\/strong> verkauft werden und dabei einen um <strong>17% h\u00f6heren Verkaufspreis<\/strong> erzielen.<\/p>\n<p><span>F\u00fcr leerstehende Immobilien bieten wir eine Teilm\u00f6blierung an. Die Investition betr\u00e4gt typischerweise zwischen 1 % und 3 % des Verkaufspreises, amortisiert sich jedoch schnell. Unsere Erfahrung zeigt, dass mehr als 75 % der inszenierten Immobilien zum Angebotspreis oder sogar dar\u00fcber verkauft werden.<\/span><\/p>\n<p>Hier ist der Vergleich der Vermarktungszeiten:<\/p>\n<ul>\n<li>Ohne Home Staging: durchschnittlich 130 Tage<\/li>\n<li>Mit Home Staging: nur 35 Tage <sup><\/sup><\/li>\n<\/ul>\n<p>Unsere Erfahrung zeigt, dass die Verhandlungsrate \u00fcber den Verkaufspreis von durchschnittlich 8,7% auf nur 3,2% sinkt, wenn Home Staging eingesetzt wird. Dies bedeutet konkret: mehr Gewinn bei schnellerem Verkauf.<\/p>\n<h1><\/h1>\n<p>[\/et_pb_text][et_pb_button button_url=&#8221;@ET-DC@eyJkeW5hbWljIjp0cnVlLCJjb250ZW50IjoicG9zdF9saW5rX3VybF9wYWdlIiwic2V0dGluZ3MiOnsicG9zdF9pZCI6IjMyMzQ4In19@&#8221; button_text=&#8221;Home Staging Anfragen&#8221; _builder_version=&#8221;4.27.2&#8243; _dynamic_attributes=&#8221;button_url&#8221; _module_preset=&#8221;default&#8221; custom_button=&#8221;on&#8221; button_bg_color=&#8221;RGBA(255,255,255,0)&#8221; global_colors_info=&#8221;{}&#8221;][\/et_pb_button][\/et_pb_column][\/et_pb_row][et_pb_row disabled_on=&#8221;off|off|off&#8221; _builder_version=&#8221;4.27.2&#8243; _module_preset=&#8221;default&#8221; custom_padding=&#8221;0px||0px||false|false&#8221; global_colors_info=&#8221;{}&#8221;][et_pb_column type=&#8221;4_4&#8243; _builder_version=&#8221;4.27.2&#8243; _module_preset=&#8221;default&#8221; global_colors_info=&#8221;{}&#8221;][et_pb_text _builder_version=&#8221;4.27.2&#8243; _module_preset=&#8221;default&#8221; custom_padding=&#8221;0px||0px||false|false&#8221; global_colors_info=&#8221;{}&#8221;]<\/p>\n<h1 style=\"text-align: center;\">Real Staging Schlafzimmer<\/h1>\n<p>[\/et_pb_text][\/et_pb_column][\/et_pb_row][et_pb_row column_structure=&#8221;1_2,1_2&#8243; use_custom_gutter=&#8221;on&#8221; gutter_width=&#8221;1&#8243; disabled_on=&#8221;off|off|off&#8221; _builder_version=&#8221;4.27.2&#8243; _module_preset=&#8221;default&#8221; width=&#8221;90%&#8221; max_width=&#8221;1100px&#8221; custom_margin=&#8221;0px||||false|false&#8221; custom_padding=&#8221;20px||20px||false|false&#8221; global_colors_info=&#8221;{}&#8221;][et_pb_column type=&#8221;1_2&#8243; admin_label=&#8221;Before&#8221; _builder_version=&#8221;4.27.2&#8243; _module_preset=&#8221;default&#8221; global_colors_info=&#8221;{}&#8221;][et_pb_slider show_arrows=&#8221;off&#8221; show_pagination=&#8221;off&#8221; _builder_version=&#8221;4.27.4&#8243; _module_preset=&#8221;default&#8221; height=&#8221;300px&#8221; global_colors_info=&#8221;{}&#8221;][et_pb_slide heading=&#8221;VORHER&#8221; _builder_version=&#8221;4.27.4&#8243; _module_preset=&#8221;default&#8221; background_enable_color=&#8221;off&#8221; background_image=&#8221;http:\/\/rre.global\/wp-content\/uploads\/2025\/08\/EG_Zimmer_1_before.jpg&#8221; background_enable_image=&#8221;on&#8221; global_colors_info=&#8221;{}&#8221; sticky_transition=&#8221;on&#8221;][\/et_pb_slide][\/et_pb_slider][\/et_pb_column][et_pb_column type=&#8221;1_2&#8243; admin_label=&#8221;After&#8221; _builder_version=&#8221;4.27.2&#8243; _module_preset=&#8221;default&#8221; background_image=&#8221;https:\/\/rachinskyrealestate.ch\/wp-content\/uploads\/2024\/08\/9_2500x1600.jpg&#8221; global_colors_info=&#8221;{}&#8221;][et_pb_slider show_arrows=&#8221;off&#8221; show_pagination=&#8221;off&#8221; _builder_version=&#8221;4.27.4&#8243; _module_preset=&#8221;default&#8221; height=&#8221;300px&#8221; global_colors_info=&#8221;{}&#8221;][et_pb_slide heading=&#8221;NACHHER&#8221; _builder_version=&#8221;4.27.4&#8243; _module_preset=&#8221;default&#8221; background_enable_color=&#8221;off&#8221; background_image=&#8221;http:\/\/rre.global\/wp-content\/uploads\/2025\/08\/IMG_8436-scaled.jpg&#8221; background_enable_image=&#8221;on&#8221; global_colors_info=&#8221;{}&#8221; sticky_transition=&#8221;on&#8221;][\/et_pb_slide][\/et_pb_slider][\/et_pb_column][\/et_pb_row][et_pb_row disabled_on=&#8221;off|off|off&#8221; _builder_version=&#8221;4.27.2&#8243; _module_preset=&#8221;default&#8221; custom_padding=&#8221;0px||0px||false|false&#8221; global_colors_info=&#8221;{}&#8221;][et_pb_column type=&#8221;4_4&#8243; _builder_version=&#8221;4.27.2&#8243; _module_preset=&#8221;default&#8221; global_colors_info=&#8221;{}&#8221;][et_pb_text _builder_version=&#8221;4.27.2&#8243; _module_preset=&#8221;default&#8221; custom_padding=&#8221;15px||||false|false&#8221; global_colors_info=&#8221;{}&#8221;]<\/p>\n<h1 style=\"text-align: center;\">Virtual Staging Neubau<\/h1>\n<p>[\/et_pb_text][\/et_pb_column][\/et_pb_row][et_pb_row column_structure=&#8221;1_2,1_2&#8243; use_custom_gutter=&#8221;on&#8221; gutter_width=&#8221;1&#8243; disabled_on=&#8221;off|off|off&#8221; _builder_version=&#8221;4.27.2&#8243; _module_preset=&#8221;default&#8221; width=&#8221;90%&#8221; max_width=&#8221;1100px&#8221; custom_margin=&#8221;0px||||false|false&#8221; custom_padding=&#8221;20px||20px||false|false&#8221; global_colors_info=&#8221;{}&#8221;][et_pb_column type=&#8221;1_2&#8243; admin_label=&#8221;Before&#8221; _builder_version=&#8221;4.27.2&#8243; _module_preset=&#8221;default&#8221; global_colors_info=&#8221;{}&#8221;][et_pb_slider show_arrows=&#8221;off&#8221; show_pagination=&#8221;off&#8221; _builder_version=&#8221;4.27.2&#8243; _module_preset=&#8221;default&#8221; height=&#8221;300px&#8221; global_colors_info=&#8221;{}&#8221;][et_pb_slide heading=&#8221;VORHER&#8221; _builder_version=&#8221;4.27.2&#8243; _module_preset=&#8221;default&#8221; background_enable_color=&#8221;off&#8221; background_image=&#8221;https:\/\/rachinskyrealestate.ch\/wp-content\/uploads\/2024\/10\/constr_2-scaled.jpg&#8221; background_enable_image=&#8221;on&#8221; global_colors_info=&#8221;{}&#8221; sticky_transition=&#8221;on&#8221;][\/et_pb_slide][\/et_pb_slider][\/et_pb_column][et_pb_column type=&#8221;1_2&#8243; admin_label=&#8221;After&#8221; _builder_version=&#8221;4.27.2&#8243; _module_preset=&#8221;default&#8221; background_image=&#8221;https:\/\/rachinskyrealestate.ch\/wp-content\/uploads\/2024\/08\/9_2500x1600.jpg&#8221; global_colors_info=&#8221;{}&#8221;][et_pb_slider show_arrows=&#8221;off&#8221; show_pagination=&#8221;off&#8221; _builder_version=&#8221;4.27.2&#8243; _module_preset=&#8221;default&#8221; height=&#8221;300px&#8221; global_colors_info=&#8221;{}&#8221;][et_pb_slide heading=&#8221;NACHHER&#8221; _builder_version=&#8221;4.27.2&#8243; _module_preset=&#8221;default&#8221; background_enable_color=&#8221;off&#8221; background_image=&#8221;https:\/\/rachinskyrealestate.ch\/wp-content\/uploads\/2024\/10\/villa_3-scaled.jpg&#8221; background_enable_image=&#8221;on&#8221; global_colors_info=&#8221;{}&#8221; sticky_transition=&#8221;on&#8221;][\/et_pb_slide][\/et_pb_slider][\/et_pb_column][\/et_pb_row][\/et_pb_section]<\/p>\n","protected":false},"excerpt":{"rendered":"<p>Home Staging Unser professioneller Home Staging Service zur Steigerung des Verkaufspotenzials Ihrer ImmobilieWas ist Home Staging? Home Staging ist die professionelle Vorbereitung einer Immobilie f\u00fcr den Verkauf oder die Vermietung. Ziel ist es, R\u00e4ume so zu gestalten, dass sie m\u00f6glichst attraktiv und einladend wirken, um potenzielle K\u00e4ufer oder Mieter anzusprechen. Durch passende M\u00f6blierung, Dekoration und [&hellip;]<\/p>\n","protected":false},"author":1,"featured_media":0,"parent":0,"menu_order":0,"comment_status":"closed","ping_status":"closed","template":"","meta":{"_et_pb_use_builder":"on","_et_pb_old_content":"","_et_gb_content_width":"","om_disable_all_campaigns":false,"_monsterinsights_skip_tracking":false,"_monsterinsights_sitenote_active":false,"_monsterinsights_sitenote_note":"","_monsterinsights_sitenote_category":0,"_uf_show_specific_survey":0,"_uf_disable_surveys":false,"footnotes":""},"class_list":["post-32167","page","type-page","status-publish","hentry"],"aioseo_notices":[],"_links":{"self":[{"href":"https:\/\/rre.global\/de\/wp-json\/wp\/v2\/pages\/32167","targetHints":{"allow":["GET"]}}],"collection":[{"href":"https:\/\/rre.global\/de\/wp-json\/wp\/v2\/pages"}],"about":[{"href":"https:\/\/rre.global\/de\/wp-json\/wp\/v2\/types\/page"}],"author":[{"embeddable":true,"href":"https:\/\/rre.global\/de\/wp-json\/wp\/v2\/users\/1"}],"replies":[{"embeddable":true,"href":"https:\/\/rre.global\/de\/wp-json\/wp\/v2\/comments?post=32167"}],"version-history":[{"count":50,"href":"https:\/\/rre.global\/de\/wp-json\/wp\/v2\/pages\/32167\/revisions"}],"predecessor-version":[{"id":35072,"href":"https:\/\/rre.global\/de\/wp-json\/wp\/v2\/pages\/32167\/revisions\/35072"}],"wp:attachment":[{"href":"https:\/\/rre.global\/de\/wp-json\/wp\/v2\/media?parent=32167"}],"curies":[{"name":"wp","href":"https:\/\/api.w.org\/{rel}","templated":true}]}}