{"id":28640,"date":"2017-02-16T09:16:27","date_gmt":"2017-02-16T08:16:27","guid":{"rendered":"http:\/\/mxajfmgl.preview.infomaniak.website\/?page_id=38"},"modified":"2026-02-24T15:52:34","modified_gmt":"2026-02-24T14:52:34","slug":"varwaltung","status":"publish","type":"page","link":"https:\/\/rre.global\/en\/varwaltung\/","title":{"rendered":"MANAGEMENT"},"content":{"rendered":"<p>[et_pb_section fb_built=&#187;1&#8243; fullwidth=&#187;on&#187; admin_label=&#187;Section&#187; _builder_version=&#187;4.16&#8243; custom_padding=&#187;0px|0px|0px|0px&#187; transparent_background=&#187;off&#187; make_fullwidth=&#187;off&#187; use_custom_width=&#187;off&#187; width_unit=&#187;off&#187; custom_width_px=&#187;1080px&#187; custom_width_percent=&#187;80%&#187; global_colors_info=&#187;{}&#187;][et_pb_fullwidth_slider bg_overlay_color=&#187;rgba(0,0,0,0.3)&#187; admin_label=&#187;Curseur de d\u00e9filement plein \u00e9cran&#187; _builder_version=&#187;4.27.5&#8243; header_level=&#187;h3&#8243; background_image=&#187;https:\/\/rachinskyrealestate.ch\/wp-content\/uploads\/2024\/03\/iStock-1161036960-scaled.jpg&#187; button_font=&#187;|||on|||||&#187; button_use_icon=&#187;on&#187; button_icon=&#187;&#x35;||divi||400&#8243; button_icon_color=&#187;#333333&#8243; content_width=&#187;100%&#187; height=&#187;550px&#187; height_tablet=&#187;550px&#187; height_phone=&#187;550px&#187; height_last_edited=&#187;on|phone&#187; custom_padding=&#187;||||false|false&#187; link_option_url=&#187;#services&#187; hover_enabled=&#187;0&#8243; header_font_size_phone=&#187;21px&#187; remove_inner_shadow=&#187;on&#187; hide_content_on_mobile=&#187;off&#187; hide_cta_on_mobile=&#187;off&#187; show_inner_shadow=&#187;off&#187; button_letter_spacing_hover=&#187;0&#8243; global_colors_info=&#187;{}&#187; button_one_text_size__hover_enabled=&#187;off&#187; button_two_text_size__hover_enabled=&#187;off&#187; button_one_text_color__hover_enabled=&#187;off&#187; button_two_text_color__hover_enabled=&#187;off&#187; button_one_border_width__hover_enabled=&#187;off&#187; button_two_border_width__hover_enabled=&#187;off&#187; button_one_border_color__hover_enabled=&#187;off&#187; button_two_border_color__hover_enabled=&#187;off&#187; button_one_border_radius__hover_enabled=&#187;off&#187; button_two_border_radius__hover_enabled=&#187;off&#187; button_one_letter_spacing__hover_enabled=&#187;off&#187; button_two_letter_spacing__hover_enabled=&#187;off&#187; button_one_bg_color__hover_enabled=&#187;off&#187; button_two_bg_color__hover_enabled=&#187;off&#187; button_bg_color__hover_enabled=&#187;on|hover&#187; button_text_color__hover_enabled=&#187;on|hover&#187; button_text_color__hover=&#187;#333333&#8243; button_border_radius__hover_enabled=&#187;on|desktop&#187; button_border_radius__hover=&#187;3px&#187; sticky_enabled=&#187;0&#8243;][et_pb_slide url_new_window=&#187;on&#187; use_bg_overlay=&#187;on&#187; bg_overlay_color=&#187;rgba(0,0,0,0.3)&#187; use_text_overlay=&#187;off&#187; admin_title=&#187;Immobilienverwaltung Services&#187; heading_tablet=&#187;&#187; heading_phone=&#187;&#187; heading_last_edited=&#187;on|phone&#187; content_tablet=&#187;<\/p>\n<h1><span style=%22font-size: xx-large;%22><strong>Immobilienverwaltung Services<\/strong><\/span><\/h1>\n<p><span>Wir verwalten Ihre Immobilie transparent, professionell, nachhaltig und effizient.<\/span><\/p>\n<p>&#187; content_phone=&#187;<\/p>\n<h1><span style=%22font-size: x-large;%22><strong>Immobilienverwaltung Services<\/strong><\/span><\/h1>\n<p><span>Wir verwalten Ihre Immobilie transparent, professionell, nachhaltig und effizient.<\/span><\/p>\n<p>&#187; content_last_edited=&#187;on|phone&#187; _builder_version=&#187;4.27.5&#8243; header_level=&#187;h3&#8243; header_font=&#187;|800|||||||&#187; header_font_size=&#187;60px&#187; body_font=&#187;||||&#187; background_color=&#187;#000000&#8243; background_image=&#187;http:\/\/rre.global\/wp-content\/uploads\/2025\/05\/3s.jpg&#187; background_enable_image=&#187;on&#187; custom_button=&#187;on&#187; button_text_size=&#187;16&#8243; button_text_color=&#187;#ffffff&#187; button_bg_color=&#187;#FFBB33&#8243; button_border_width=&#187;1px&#187; button_border_color=&#187;#ffffff&#187; button_border_radius=&#187;3px&#187; button_font=&#187;|||on|||||&#187; button_use_icon=&#187;on&#187; button_icon_color=&#187;#333333&#8243; button_on_hover=&#187;on&#187; link_option_url_new_window=&#187;on&#187; hover_enabled=&#187;0&#8243; header_font_size_tablet=&#187;80px&#187; header_font_size_phone=&#187;40px&#187; header_font_size_last_edited=&#187;on|phone&#187; body_font_size_tablet=&#187;&#187; body_font_size_phone=&#187;20px&#187; body_font_size_last_edited=&#187;on|desktop&#187; button_text_size_tablet=&#187;16&#8243; button_text_size_phone=&#187;16&#8243; button_text_color_hover=&#187;#666666&#8243; button_bg_color_hover=&#187;#ffffff&#187; global_colors_info=&#187;{}&#187; button_text_size__hover_enabled=&#187;off&#187; button_one_text_size__hover_enabled=&#187;off&#187; button_two_text_size__hover_enabled=&#187;off&#187; button_text_color__hover_enabled=&#187;on|desktop&#187; button_text_color__hover=&#187;#333333&#8243; button_one_text_color__hover_enabled=&#187;off&#187; button_two_text_color__hover_enabled=&#187;off&#187; button_border_width__hover_enabled=&#187;off&#187; button_one_border_width__hover_enabled=&#187;off&#187; button_two_border_width__hover_enabled=&#187;off&#187; button_border_color__hover_enabled=&#187;off&#187; button_one_border_color__hover_enabled=&#187;off&#187; button_two_border_color__hover_enabled=&#187;off&#187; button_border_radius__hover_enabled=&#187;on|desktop&#187; button_one_border_radius__hover_enabled=&#187;off&#187; button_two_border_radius__hover_enabled=&#187;off&#187; button_letter_spacing__hover_enabled=&#187;off&#187; button_one_letter_spacing__hover_enabled=&#187;off&#187; button_two_letter_spacing__hover_enabled=&#187;off&#187; button_bg_color__hover_enabled=&#187;on|hover&#187; button_bg_color__hover=&#187;#ffffff&#187; button_one_bg_color__hover_enabled=&#187;off&#187; button_two_bg_color__hover_enabled=&#187;off&#187; button_border_radius__hover=&#187;3px&#187; sticky_transition=&#187;on&#187; button_text=&#187;OFFERTE ANFRAGEN&#187; button_link=&#187;@ET-DC@eyJkeW5hbWljIjp0cnVlLCJjb250ZW50IjoicG9zdF9saW5rX3VybF9wYWdlIiwic2V0dGluZ3MiOnsicG9zdF9pZCI6IjI5MTUxIn19@&#187; _dynamic_attributes=&#187;button_link&#187; sticky_enabled=&#187;0&#8243;]<\/p>\n<h1><span>Vermietung und Verwaltung von Zweitimmobilien<\/span><\/h1>\n<p>Wir bieten umfassende Rundum-Services, speziell zugeschnitten auf Ferienwohnungen und Renditeobjekte<\/p>\n<p>[\/et_pb_slide][\/et_pb_fullwidth_slider][\/et_pb_section][et_pb_section fb_built=&#187;1&#8243; admin_label=&#187;section&#187; module_id=&#187;services&#187; _builder_version=&#187;4.24.2&#8243; custom_padding=&#187;0px|0px|0px|0px&#187; transparent_background=&#187;off&#187; make_fullwidth=&#187;off&#187; use_custom_width=&#187;off&#187; width_unit=&#187;off&#187; custom_width_px=&#187;1080px&#187; custom_width_percent=&#187;80%&#187; global_colors_info=&#187;{}&#187;][et_pb_row column_structure=&#187;1_2,1_2&#8243; use_custom_gutter=&#187;on&#187; gutter_width=&#187;1&#8243; disabled_on=&#187;off|off|off&#187; admin_label=&#187;row&#187; module_id=&#187;details&#187; module_class=&#187; et_pb_row_fullwidth&#187; _builder_version=&#187;4.27.4&#8243; background_color=&#187;#f4f2f2&#8243; background_size=&#187;initial&#187; background_position=&#187;top_left&#187; background_repeat=&#187;repeat&#187; width=&#187;100%&#187; width_tablet=&#187;100%&#187; width_phone=&#187;100%&#187; width_last_edited=&#187;on|desktop&#187; max_width=&#187;100%&#187; max_width_tablet=&#187;100%&#187; max_width_phone=&#187;100%&#187; max_width_last_edited=&#187;on|desktop&#187; custom_padding=&#187;0px|0px|0px|0px&#187; make_fullwidth=&#187;on&#187; use_custom_width=&#187;off&#187; width_unit=&#187;off&#187; custom_width_px=&#187;1080px&#187; custom_width_percent=&#187;80%&#187; global_colors_info=&#187;{}&#187;][et_pb_column type=&#187;1_2&#8243; _builder_version=&#187;4.16&#8243; custom_padding=&#187;|||&#187; global_colors_info=&#187;{}&#187; custom_padding__hover=&#187;|||&#187;][et_pb_text admin_label=&#187;Texte&#187; _builder_version=&#187;4.27.2&#8243; text_line_height=&#187;1.5em&#187; background_size=&#187;initial&#187; background_position=&#187;top_left&#187; background_repeat=&#187;repeat&#187; custom_margin_tablet=&#187;&#187; custom_margin_phone=&#187;&#187; custom_margin_last_edited=&#187;on|phone&#187; custom_padding=&#187;45px|50px|0px|50px|false|false&#187; custom_padding_tablet=&#187;0px|50px|0px|50px|false|false&#187; custom_padding_phone=&#187;0px|20px|0px|20px|false|false&#187; custom_padding_last_edited=&#187;on|phone&#187; use_border_color=&#187;off&#187; border_style=&#187;solid&#187; global_colors_info=&#187;{}&#187;]<\/p>\n<p>&nbsp;<\/p>\n<h1><span>Vermietung &amp; Verwaltung<\/span><\/h1>\n<p>Wir bieten eine professionelle und ganzheitliche Verwaltung Ihrer Immobilien \u2013 von der Vermarktung und G\u00e4stekommunikation bis hin zu Buchhaltung, Reinigungsmanagement und technischer Betreuung.<\/p>\n<p>Egal ob Ferienwohnung oder Renditeobjekt \u2013 bei uns sind Ihre Liegenschaften in besten H\u00e4nden. Wir sorgen daf\u00fcr, dass Ihre Immobilie nicht nur optimal vermietet, sondern auch langfristig gepflegt und im Wert erhalten wird. Dabei kombinieren wir pers\u00f6nliche Betreuung mit effizienter Organisation und modernster Technik.<\/p>\n<p>Unser Ziel ist es, Eigent\u00fcmern maximalen Komfort zu bieten: Sie k\u00fcmmern sich um nichts \u2013 wir k\u00fcmmern uns um alles. Durch unsere Erfahrung im Bereich Ferien- und Renditeimmobilien sowie unser zuverl\u00e4ssiges Netzwerk an Partnern vor Ort sichern wir Ihnen reibungslose Abl\u00e4ufe und optimale Ergebnisse.<\/p>\n<p>Unsere Regionen sind:<span class=\"\">\u00a0<\/span><span><strong>Oberengadin, Klosters, Lugano<\/strong>. <\/span><\/p>\n<p>[\/et_pb_text][\/et_pb_column][et_pb_column type=&#187;1_2&#8243; _builder_version=&#187;4.27.4&#8243; background_image=&#187;http:\/\/rre.global\/wp-content\/uploads\/2025\/05\/3s.jpg&#187; custom_padding=&#187;|||&#187; global_colors_info=&#187;{}&#187; custom_padding__hover=&#187;|||&#187;][et_pb_slider arrows_custom_color=&#187;#302F3F&#187; dot_nav_custom_color=&#187;#302F3F&#187; _builder_version=&#187;4.27.5&#8243; _module_preset=&#187;default&#187; width=&#187;100%&#187; max_width=&#187;100%&#187; module_alignment=&#187;center&#187; content_max_width=&#187;100%&#187; height=&#187;600px&#187; height_tablet=&#187;600px&#187; height_phone=&#187;300px&#187; height_last_edited=&#187;on|phone&#187; max_height_tablet=&#187;&#187; max_height_phone=&#187;280px&#187; max_height_last_edited=&#187;on|desktop&#187; custom_margin=&#187;0px||||false|false&#187; custom_margin_tablet=&#187;20px||||false|false&#187; custom_margin_phone=&#187;0px||||false|false&#187; custom_margin_last_edited=&#187;on|desktop&#187; custom_padding=&#187;0px||||false|false&#187; animation_direction=&#187;right&#187; hover_enabled=&#187;0&#8243; global_colors_info=&#187;{}&#187; sticky_enabled=&#187;0&#8243;][et_pb_slide heading=&#187; &#187; _builder_version=&#187;4.27.5&#8243; _module_preset=&#187;default&#187; background_color=&#187;#FFFFFF&#187; background_enable_color=&#187;on&#187; background_image=&#187;http:\/\/rre.global\/wp-content\/uploads\/2025\/08\/8-scaled.jpg&#187; background_enable_image=&#187;on&#187; background_size=&#187;stretch&#187; background_position=&#187;bottom_center&#187; width=&#187;100%&#187; max_width=&#187;100%&#187; custom_padding=&#187;|||0px|false|false&#187; hover_enabled=&#187;0&#8243; global_colors_info=&#187;{}&#187; sticky_transition=&#187;on&#187; sticky_enabled=&#187;0&#8243;][\/et_pb_slide][\/et_pb_slider][\/et_pb_column][\/et_pb_row][et_pb_row column_structure=&#187;1_2,1_2&#8243; use_custom_gutter=&#187;on&#187; gutter_width=&#187;1&#8243; admin_label=&#187;row&#187; module_class=&#187; et_pb_row_fullwidth&#187; _builder_version=&#187;4.27.5&#8243; background_color=&#187;#f4f2f2&#8243; background_size=&#187;initial&#187; background_position=&#187;top_left&#187; background_repeat=&#187;repeat&#187; width=&#187;100%&#187; width_tablet=&#187;100%&#187; width_phone=&#187;100%&#187; width_last_edited=&#187;on|desktop&#187; max_width=&#187;100%&#187; max_width_tablet=&#187;100%&#187; max_width_phone=&#187;100%&#187; max_width_last_edited=&#187;on|desktop&#187; custom_padding=&#187;0px|0px|0px|0px&#187; hover_enabled=&#187;0&#8243; make_fullwidth=&#187;on&#187; use_custom_width=&#187;off&#187; width_unit=&#187;off&#187; custom_width_px=&#187;1080px&#187; custom_width_percent=&#187;80%&#187; global_colors_info=&#187;{}&#187; sticky_enabled=&#187;0&#8243;][et_pb_column type=&#187;1_2&#8243; _builder_version=&#187;4.27.5&#8243; custom_padding=&#187;|||&#187; hover_enabled=&#187;0&#8243; global_colors_info=&#187;{}&#187; custom_padding__hover=&#187;|||&#187; title_text=&#187;RENDER ESTERNO 07_NEU&#187; background_enable_image=&#187;off&#187; sticky_enabled=&#187;0&#8243;][et_pb_slider arrows_custom_color=&#187;#302F3F&#187; dot_nav_custom_color=&#187;#302F3F&#187; _builder_version=&#187;4.27.5&#8243; _module_preset=&#187;default&#187; width=&#187;100%&#187; max_width=&#187;100%&#187; module_alignment=&#187;center&#187; content_max_width=&#187;100%&#187; height=&#187;600px&#187; height_tablet=&#187;600px&#187; height_phone=&#187;300px&#187; height_last_edited=&#187;on|phone&#187; max_height_tablet=&#187;&#187; max_height_phone=&#187;280px&#187; max_height_last_edited=&#187;on|desktop&#187; custom_margin=&#187;0px||||false|false&#187; custom_margin_tablet=&#187;20px||||false|false&#187; custom_margin_phone=&#187;0px||||false|false&#187; custom_margin_last_edited=&#187;on|desktop&#187; custom_padding=&#187;0px||||false|false&#187; animation_direction=&#187;right&#187; hover_enabled=&#187;0&#8243; global_colors_info=&#187;{}&#187; sticky_enabled=&#187;0&#8243;][et_pb_slide heading=&#187; &#187; _builder_version=&#187;4.27.5&#8243; _module_preset=&#187;default&#187; background_color=&#187;#FFFFFF&#187; background_enable_color=&#187;on&#187; background_image=&#187;http:\/\/rre.global\/wp-content\/uploads\/2024\/03\/iStock-1393538022-scaled.jpg&#187; background_enable_image=&#187;on&#187; background_size=&#187;stretch&#187; background_position=&#187;bottom_center&#187; width=&#187;100%&#187; max_width=&#187;100%&#187; custom_padding=&#187;|||0px|false|false&#187; hover_enabled=&#187;0&#8243; global_colors_info=&#187;{}&#187; sticky_transition=&#187;on&#187; sticky_enabled=&#187;0&#8243;][\/et_pb_slide][\/et_pb_slider][et_pb_image title_text=&#187;RENDER ESTERNO 07_NEU&#187; force_fullwidth=&#187;on&#187; align_tablet=&#187;center&#187; align_phone=&#187;center&#187; align_last_edited=&#187;on|desktop&#187; admin_label=&#187;Image&#187; _builder_version=&#187;4.27.5&#8243; min_height_tablet=&#187;650px&#187; min_height_phone=&#187;&#187; min_height_last_edited=&#187;on|desktop&#187; height=&#187;600px&#187; height_tablet=&#187;&#187; height_phone=&#187;300px&#187; height_last_edited=&#187;on|phone&#187; max_height_tablet=&#187;&#187; max_height_phone=&#187;300px&#187; max_height_last_edited=&#187;on|desktop&#187; animation_direction=&#187;left&#187; hover_enabled=&#187;0&#8243; use_border_color=&#187;off&#187; border_color=&#187;#ffffff&#187; border_width=&#187;1px&#187; border_style=&#187;solid&#187; sticky=&#187;off&#187; always_center_on_mobile=&#187;on&#187; global_colors_info=&#187;{}&#187; sticky_enabled=&#187;0&#8243; background_enable_image=&#187;off&#187; background_color=&#187;RGBA(255,255,255,0)&#187;] [\/et_pb_image][\/et_pb_column][et_pb_column type=&#187;1_2&#8243; _builder_version=&#187;4.27.4&#8243; custom_padding=&#187;|||&#187; global_colors_info=&#187;{}&#187; custom_padding__hover=&#187;|||&#187;][et_pb_text admin_label=&#187;Texte&#187; _builder_version=&#187;4.27.2&#8243; text_line_height=&#187;1.5em&#187; background_size=&#187;initial&#187; background_position=&#187;top_left&#187; background_repeat=&#187;repeat&#187; custom_margin=&#187;0px||0px||false|false&#187; custom_padding=&#187;45px|50px|0px|50px|false|false&#187; custom_padding_tablet=&#187;0px|50px|0px|50px|false|false&#187; custom_padding_phone=&#187;0px|20px|0px|20px|false|false&#187; custom_padding_last_edited=&#187;on|desktop&#187; use_border_color=&#187;off&#187; border_style=&#187;solid&#187; global_colors_info=&#187;{}&#187;]<\/p>\n<h1><\/h1>\n<h1><span>Unser Leistungsspektrum umfasst<\/span>:<\/h1>\n<p>&nbsp;<\/p>\n<ul>\n<li data-start=\"689\" data-end=\"870\">\n<p data-start=\"691\" data-end=\"870\"><strong data-start=\"691\" data-end=\"727\">Vermarktung &amp; Buchungsmanagement<\/strong> \u2013 Hochwertige Pr\u00e4sentation Ihrer Immobilie auf passenden Kan\u00e4len, gezieltes Marketing und Preisoptimierung zur Maximierung der Auslastung Ihrer Immobilien.<\/p>\n<\/li>\n<li data-start=\"871\" data-end=\"1061\">\n<p data-start=\"873\" data-end=\"1061\"><strong data-start=\"873\" data-end=\"905\">G\u00e4stekommunikation &amp; Service<\/strong> \u2013 Professioneller und herzlicher Kontakt zu Ihren Mietern oder G\u00e4sten, von der ersten Anfrage bis zur Abreise, inklusive Check-in\/Check-out-Organisation.<\/p>\n<\/li>\n<li data-start=\"1062\" data-end=\"1218\">\n<p data-start=\"1064\" data-end=\"1218\"><strong data-start=\"1064\" data-end=\"1094\">Abrechnungen<\/strong> \u2013 Transparente Finanzverwaltung, inklusive Mietzinsinkasso, Betriebskostenabrechnung und Kommunikation mit dem Steueramt.<\/p>\n<\/li>\n<li data-start=\"1219\" data-end=\"1396\">\n<p data-start=\"1221\" data-end=\"1396\"><strong data-start=\"1221\" data-end=\"1266\">Reinigungs- &amp; Instandhaltungskoordination<\/strong> \u2013 Organisation von Reinigung, W\u00e4scheservice und Wartungsarbeiten, schnelle Behebung von M\u00e4ngeln und proaktive Instandhaltungsplanung.<\/p>\n<\/li>\n<li data-start=\"1397\" data-end=\"1531\">\n<p data-start=\"1399\" data-end=\"1531\"><strong data-start=\"1399\" data-end=\"1424\">Technische Verwaltung<\/strong> \u2013 Laufende \u00dcberwachung des Geb\u00e4udezustands, Planung und Umsetzung von Sanierungen oder Modernisierungen.<\/p>\n<\/li>\n<\/ul>\n<p>[\/et_pb_text][\/et_pb_column][\/et_pb_row][\/et_pb_section]<\/p>\n","protected":false},"excerpt":{"rendered":"<p>Vermietung und Verwaltung von Zweitimmobilien Wir bieten umfassende Rundum-Services, speziell zugeschnitten auf Ferienwohnungen und Renditeobjekte&nbsp; Vermietung &amp; Verwaltung Wir bieten eine professionelle und ganzheitliche Verwaltung Ihrer Immobilien \u2013 von der Vermarktung und G\u00e4stekommunikation bis hin zu Buchhaltung, Reinigungsmanagement und technischer Betreuung. Egal ob Ferienwohnung oder Renditeobjekt \u2013 bei uns sind Ihre Liegenschaften in besten H\u00e4nden. [&hellip;]<\/p>\n","protected":false},"author":1,"featured_media":0,"parent":0,"menu_order":0,"comment_status":"closed","ping_status":"closed","template":"","meta":{"_et_pb_use_builder":"on","_et_pb_old_content":"","_et_gb_content_width":"","om_disable_all_campaigns":false,"_monsterinsights_skip_tracking":false,"_monsterinsights_sitenote_active":false,"_monsterinsights_sitenote_note":"","_monsterinsights_sitenote_category":0,"_uf_show_specific_survey":0,"_uf_disable_surveys":false,"footnotes":""},"class_list":["post-28640","page","type-page","status-publish","hentry"],"aioseo_notices":[],"_links":{"self":[{"href":"https:\/\/rre.global\/en\/wp-json\/wp\/v2\/pages\/28640","targetHints":{"allow":["GET"]}}],"collection":[{"href":"https:\/\/rre.global\/en\/wp-json\/wp\/v2\/pages"}],"about":[{"href":"https:\/\/rre.global\/en\/wp-json\/wp\/v2\/types\/page"}],"author":[{"embeddable":true,"href":"https:\/\/rre.global\/en\/wp-json\/wp\/v2\/users\/1"}],"replies":[{"embeddable":true,"href":"https:\/\/rre.global\/en\/wp-json\/wp\/v2\/comments?post=28640"}],"version-history":[{"count":228,"href":"https:\/\/rre.global\/en\/wp-json\/wp\/v2\/pages\/28640\/revisions"}],"predecessor-version":[{"id":35696,"href":"https:\/\/rre.global\/en\/wp-json\/wp\/v2\/pages\/28640\/revisions\/35696"}],"wp:attachment":[{"href":"https:\/\/rre.global\/en\/wp-json\/wp\/v2\/media?parent=28640"}],"curies":[{"name":"wp","href":"https:\/\/api.w.org\/{rel}","templated":true}]}}