{"id":30691,"date":"2024-07-21T23:59:20","date_gmt":"2024-07-21T21:59:20","guid":{"rendered":"https:\/\/rachinskyrealestate.ch\/?page_id=30691"},"modified":"2025-08-26T12:20:01","modified_gmt":"2025-08-26T10:20:01","slug":"nachhaltigkeit-esg","status":"publish","type":"page","link":"https:\/\/rre.global\/en\/nachhaltigkeit-esg\/","title":{"rendered":"NACHHALTIGKEIT ESG"},"content":{"rendered":"<p>[et_pb_section fb_built=&#187;1&#8243; fullwidth=&#187;on&#187; admin_label=&#187;Section&#187; _builder_version=&#187;4.16&#8243; custom_padding=&#187;0px|0px|0px|0px&#187; transparent_background=&#187;off&#187; make_fullwidth=&#187;off&#187; use_custom_width=&#187;off&#187; width_unit=&#187;off&#187; custom_width_px=&#187;1080px&#187; custom_width_percent=&#187;80%&#187; global_colors_info=&#187;{}&#187;][et_pb_fullwidth_slider admin_label=&#187;Curseur de d\u00e9filement plein \u00e9cran&#187; _builder_version=&#187;4.27.4&#8243; header_font_size=&#187;60px&#187; background_color=&#187;RGBA(255,255,255,0)&#187; background_enable_image=&#187;off&#187; min_height_tablet=&#187;&#187; min_height_phone=&#187;&#187; min_height_last_edited=&#187;on|desktop&#187; height=&#187;645px&#187; height_tablet=&#187;645px&#187; height_phone=&#187;645px&#187; height_last_edited=&#187;on|phone&#187; custom_padding=&#187;293px||293px||true|false&#187; custom_padding_tablet=&#187;|||&#187; custom_padding_phone=&#187;|||&#187; header_font_size_phone=&#187;40px&#187; body_font_size_tablet=&#187;&#187; body_font_size_phone=&#187;16px&#187; body_font_size_last_edited=&#187;on|phone&#187; remove_inner_shadow=&#187;on&#187; hide_content_on_mobile=&#187;off&#187; hide_cta_on_mobile=&#187;off&#187; show_inner_shadow=&#187;off&#187; button_letter_spacing_hover=&#187;0&#8243; global_colors_info=&#187;{}&#187; button_text_size__hover_enabled=&#187;off&#187; button_one_text_size__hover_enabled=&#187;off&#187; button_two_text_size__hover_enabled=&#187;off&#187; button_text_color__hover_enabled=&#187;off&#187; button_one_text_color__hover_enabled=&#187;off&#187; button_two_text_color__hover_enabled=&#187;off&#187; button_border_width__hover_enabled=&#187;off&#187; button_one_border_width__hover_enabled=&#187;off&#187; button_two_border_width__hover_enabled=&#187;off&#187; button_border_color__hover_enabled=&#187;off&#187; button_one_border_color__hover_enabled=&#187;off&#187; button_two_border_color__hover_enabled=&#187;off&#187; button_border_radius__hover_enabled=&#187;off&#187; button_one_border_radius__hover_enabled=&#187;off&#187; button_two_border_radius__hover_enabled=&#187;off&#187; button_letter_spacing__hover_enabled=&#187;on&#187; button_letter_spacing__hover=&#187;0&#8243; button_one_letter_spacing__hover_enabled=&#187;off&#187; button_two_letter_spacing__hover_enabled=&#187;off&#187; button_bg_color__hover_enabled=&#187;off&#187; button_one_bg_color__hover_enabled=&#187;off&#187; button_two_bg_color__hover_enabled=&#187;off&#187;][et_pb_slide use_bg_overlay=&#187;on&#187; bg_overlay_color=&#187;rgba(63,63,63,0.14)&#187; use_text_overlay=&#187;off&#187; admin_title=&#187;Nachhaltigkeit&#187; _builder_version=&#187;4.27.4&#8243; header_font=&#187;|800|||||||&#187; header_font_size=&#187;60px&#187; body_font=&#187;||||&#187; body_font_size=&#187;23px&#187; body_line_height=&#187;1.5em&#187; background_color=&#187;RGBA(255,255,255,0)&#187; background_enable_color=&#187;on&#187; background_image=&#187;http:\/\/rre.global\/wp-content\/uploads\/2025\/08\/1.jpg&#187; background_enable_image=&#187;on&#187; background_blend=&#187;lighten&#187; custom_button=&#187;on&#187; button_text_size=&#187;16&#8243; button_text_color=&#187;#ffffff&#187; button_border_color=&#187;#ffffff&#187; button_font=&#187;||||&#187; button_use_icon=&#187;off&#187; child_filter_brightness=&#187;162%&#187; child_mix_blend_mode=&#187;lighten&#187; header_font_size_tablet=&#187;80px&#187; header_font_size_phone=&#187;40px&#187; header_font_size_last_edited=&#187;on|phone&#187; body_text_color_tablet=&#187;&#187; body_text_color_phone=&#187;&#187; body_text_color_last_edited=&#187;on|phone&#187; body_font_size_tablet=&#187;23px&#187; body_font_size_phone=&#187;20px&#187; body_font_size_last_edited=&#187;on|phone&#187; button_text_size_tablet=&#187;16&#8243; button_text_size_phone=&#187;16&#8243; button_text_color_hover=&#187;#666666&#8243; button_bg_color_hover=&#187;#ffffff&#187; global_colors_info=&#187;{}&#187; button_text_size__hover_enabled=&#187;off&#187; button_one_text_size__hover_enabled=&#187;off&#187; button_two_text_size__hover_enabled=&#187;off&#187; button_text_color__hover_enabled=&#187;on&#187; button_text_color__hover=&#187;#666666&#8243; button_one_text_color__hover_enabled=&#187;off&#187; button_two_text_color__hover_enabled=&#187;off&#187; button_border_width__hover_enabled=&#187;off&#187; button_one_border_width__hover_enabled=&#187;off&#187; button_two_border_width__hover_enabled=&#187;off&#187; button_border_color__hover_enabled=&#187;off&#187; button_one_border_color__hover_enabled=&#187;off&#187; button_two_border_color__hover_enabled=&#187;off&#187; button_border_radius__hover_enabled=&#187;off&#187; button_one_border_radius__hover_enabled=&#187;off&#187; button_two_border_radius__hover_enabled=&#187;off&#187; button_letter_spacing__hover_enabled=&#187;off&#187; button_one_letter_spacing__hover_enabled=&#187;off&#187; button_two_letter_spacing__hover_enabled=&#187;off&#187; button_bg_color__hover_enabled=&#187;on&#187; button_bg_color__hover=&#187;#ffffff&#187; button_one_bg_color__hover_enabled=&#187;off&#187; button_two_bg_color__hover_enabled=&#187;off&#187; sticky_transition=&#187;on&#187;]<\/p>\n<h1><span style=\"font-size: xx-large;\"><strong>Nachhaltigkeit ESG<\/strong><\/span><\/h1>\n<p><span class=\"Y2IQFc\" lang=\"de\">Energieeffizienz von Liegenschaften. EPC Rating.<\/span><\/p>\n<p>[\/et_pb_slide][\/et_pb_fullwidth_slider][\/et_pb_section][et_pb_section fb_built=&#187;1&#8243; _builder_version=&#187;4.27.4&#8243; _module_preset=&#187;default&#187; background_color=&#187;#f4f2f2&#8243; global_colors_info=&#187;{}&#187;][et_pb_row _builder_version=&#187;4.27.4&#8243; _module_preset=&#187;default&#187; custom_margin=&#187;0px||30px||false|false&#187; custom_margin_tablet=&#187;0px||30px||false|false&#187; custom_margin_phone=&#187;||40px||false|false&#187; custom_margin_last_edited=&#187;on|phone&#187; custom_padding=&#187;0px||0px||false|false&#187; global_colors_info=&#187;{}&#187;][et_pb_column type=&#187;4_4&#8243; _builder_version=&#187;4.24.2&#8243; _module_preset=&#187;default&#187; global_colors_info=&#187;{}&#187;][et_pb_text admin_label=&#187;Text&#187; _builder_version=&#187;4.27.4&#8243; background_size=&#187;initial&#187; background_position=&#187;top_left&#187; background_repeat=&#187;repeat&#187; global_colors_info=&#187;{}&#187;]<\/p>\n<h1><span>ESG-Kriterien<\/span><\/h1>\n<ul>\n<li><strong>Environment<\/strong> (Umwelt) \u2013 <span>Umweltschutz, Einsatz erneuerbarer Energien, Strategien zum Klimaschutz<\/span><\/li>\n<li><strong>Social<\/strong> (Soziales) \u2013 <span>Arbeitssicherheit, Gesundheitsschutz, faire Arbeitsbedingungen, Gleichstellung der Geschlechter<\/span><\/li>\n<li><strong>Governance<\/strong> (Unternehmensf\u00fchrung) \u2013 <span>Risikomanagement, Compliance, Optimierung und Kostensenkung durch Innovation und Infrastruktur<\/span><\/li>\n<\/ul>\n<p>[\/et_pb_text][\/et_pb_column][\/et_pb_row][et_pb_row column_structure=&#187;3_5,2_5&#8243; admin_label=&#187;row&#187; _builder_version=&#187;4.27.4&#8243; background_size=&#187;initial&#187; background_position=&#187;top_left&#187; background_repeat=&#187;repeat&#187; custom_margin=&#187;0px||0px||false|false&#187; custom_padding=&#187;0px||0px||false|false&#187; locked=&#187;off&#187; global_colors_info=&#187;{}&#187;][et_pb_column type=&#187;3_5&#8243; _builder_version=&#187;4.16&#8243; custom_padding=&#187;|||&#187; global_colors_info=&#187;{}&#187; custom_padding__hover=&#187;|||&#187;][et_pb_text admin_label=&#187;Text&#187; _builder_version=&#187;4.27.4&#8243; background_size=&#187;initial&#187; background_position=&#187;top_left&#187; background_repeat=&#187;repeat&#187; global_colors_info=&#187;{}&#187;]<\/p>\n<h1>Energieeffizienz in der Schweiz (EPC)<\/h1>\n<p>Die Klimapolitik der Schweiz wird durch das \u00dcbereinkommen von Paris gepr\u00e4gt, welches das Ziel verfolgt, die globale Erw\u00e4rmung auf maximal 1,5 \u00b0C zu begrenzen. In der Schweiz verursachen Immobilien etwa 25 % der Treibhausgasemissionen und stehen daher im Zentrum gesetzlicher Regulierungen.<\/p>\n<p>Diese gesetzlichen Rahmenbedingungen werden zunehmend strenger, was Investoren dazu veranlasst, verst\u00e4rkt in energetisch optimierte Geb\u00e4ude zu investieren. Solche Investitionen sind nicht nur entscheidend f\u00fcr eine nachhaltige Zukunft, sondern auch wirtschaftlich sinnvoll.<\/p>\n<p>Der Geb\u00e4udeenergieausweis der Kantone <a href=\"https:\/\/www.geak.ch\" target=\"_blank\" rel=\"noopener\">GEAK<\/a> bewertet Geb\u00e4ude von <strong>A (sehr energieeffizient, z.B. Neubau-Standard)<\/strong> bis <strong>G (wenig effizient, sanierungsbed\u00fcrftiger Altbau)<\/strong>. Diese offizielle Bewertungsmethode in der Schweiz bietet eine objektive Beurteilung der Energieeffizienz von Immobilien, indem sie Geb\u00e4ude nach ihrem Energiebedarf und CO2-Ausstoss einheitlich klassifiziert.<\/p>\n<p>Seit M\u00e4rz 2023 geben die Beh\u00f6rden im <a href=\"https:\/\/map.geo.admin.ch\/#\/map?lang=de&amp;center=2660000,1190000&amp;z=1&amp;bgLayer=ch.swisstopo.pixelkarte-farbe&amp;topic=ech&amp;layers=ch.bafu.klima-co2_ausstoss_gebaeude\" target=\"_blank\" rel=\"noopener\">Geoportal des Bundes<\/a> den CO2-Ausstoss aller Schweizer Wohnliegenschaften unter Normbedingungen an. Diese Informationen sind auch f\u00fcr Dritte \u00fcber eine Schnittstelle zug\u00e4nglich.<\/p>\n<p>Unsere Einstufungen basieren auf online verf\u00fcgbaren Daten, Standard-Dimensionierungsregeln aus Schweizer Normen und Annahmen aufgrund statistischer Erhebungen.<\/p>\n<p>[\/et_pb_text][\/et_pb_column][et_pb_column type=&#187;2_5&#8243; _builder_version=&#187;4.16&#8243; custom_padding=&#187;|||&#187; global_colors_info=&#187;{}&#187; custom_padding__hover=&#187;|||&#187;][et_pb_image src=&#187;http:\/\/rre.global\/wp-content\/uploads\/2025\/08\/Background_Removed_X.jpg&#187; title_text=&#187;Background_Removed_X&#187; _builder_version=&#187;4.27.4&#8243; _module_preset=&#187;default&#187; width=&#187;80%&#187; custom_padding=&#187;10px||||false|false&#187; hover_enabled=&#187;0&#8243; border_radii=&#187;on|10px|10px|10px|10px&#187; global_colors_info=&#187;{}&#187; sticky_enabled=&#187;0&#8243;][\/et_pb_image][\/et_pb_column][\/et_pb_row][\/et_pb_section]<\/p>\n","protected":false},"excerpt":{"rendered":"<p>Nachhaltigkeit ESG Energieeffizienz von Liegenschaften. EPC Rating.ESG-Kriterien Environment (Umwelt) \u2013 Umweltschutz, Einsatz erneuerbarer Energien, Strategien zum Klimaschutz Social (Soziales) \u2013 Arbeitssicherheit, Gesundheitsschutz, faire Arbeitsbedingungen, Gleichstellung der Geschlechter Governance (Unternehmensf\u00fchrung) \u2013 Risikomanagement, Compliance, Optimierung und Kostensenkung durch Innovation und Infrastruktur Energieeffizienz in der Schweiz (EPC) Die Klimapolitik der Schweiz wird durch das \u00dcbereinkommen von Paris gepr\u00e4gt, [&hellip;]<\/p>\n","protected":false},"author":1,"featured_media":0,"parent":0,"menu_order":0,"comment_status":"closed","ping_status":"closed","template":"","meta":{"_et_pb_use_builder":"on","_et_pb_old_content":"","_et_gb_content_width":"","om_disable_all_campaigns":false,"_monsterinsights_skip_tracking":false,"_monsterinsights_sitenote_active":false,"_monsterinsights_sitenote_note":"","_monsterinsights_sitenote_category":0,"_uf_show_specific_survey":0,"_uf_disable_surveys":false,"footnotes":""},"class_list":["post-30691","page","type-page","status-publish","hentry"],"aioseo_notices":[],"_links":{"self":[{"href":"https:\/\/rre.global\/en\/wp-json\/wp\/v2\/pages\/30691","targetHints":{"allow":["GET"]}}],"collection":[{"href":"https:\/\/rre.global\/en\/wp-json\/wp\/v2\/pages"}],"about":[{"href":"https:\/\/rre.global\/en\/wp-json\/wp\/v2\/types\/page"}],"author":[{"embeddable":true,"href":"https:\/\/rre.global\/en\/wp-json\/wp\/v2\/users\/1"}],"replies":[{"embeddable":true,"href":"https:\/\/rre.global\/en\/wp-json\/wp\/v2\/comments?post=30691"}],"version-history":[{"count":33,"href":"https:\/\/rre.global\/en\/wp-json\/wp\/v2\/pages\/30691\/revisions"}],"predecessor-version":[{"id":34675,"href":"https:\/\/rre.global\/en\/wp-json\/wp\/v2\/pages\/30691\/revisions\/34675"}],"wp:attachment":[{"href":"https:\/\/rre.global\/en\/wp-json\/wp\/v2\/media?parent=30691"}],"curies":[{"name":"wp","href":"https:\/\/api.w.org\/{rel}","templated":true}]}}