{"id":32465,"date":"2025-01-06T12:39:12","date_gmt":"2025-01-06T11:39:12","guid":{"rendered":"https:\/\/rachinskyrealestate.ch\/?page_id=32465"},"modified":"2025-09-10T18:05:12","modified_gmt":"2025-09-10T16:05:12","slug":"ratgeber","status":"publish","type":"page","link":"https:\/\/rre.global\/en\/ratgeber\/","title":{"rendered":"PUBLICATIONS"},"content":{"rendered":"<p>[et_pb_section fb_built=&#187;1&#8243; disabled_on=&#187;off|off|off&#187; module_id=&#187;homestaging&#187; _builder_version=&#187;4.27.2&#8243; _module_preset=&#187;default&#187; background_color=&#187;RGBA(255,255,255,0)&#187; custom_margin=&#187;0px||||false|false&#187; custom_padding=&#187;0px||||false|false&#187; global_colors_info=&#187;{}&#187;][et_pb_row _builder_version=&#187;4.27.2&#8243; _module_preset=&#187;default&#187; global_colors_info=&#187;{}&#187;][et_pb_column type=&#187;4_4&#8243; _builder_version=&#187;4.27.2&#8243; _module_preset=&#187;default&#187; global_colors_info=&#187;{}&#187;][et_pb_heading title=&#187;Leitfaden und Checklisten f\u00fcr Immobilienbesitzer&#187; _builder_version=&#187;4.27.2&#8243; _module_preset=&#187;default&#187; title_text_align=&#187;center&#187; global_colors_info=&#187;{}&#187;][\/et_pb_heading][et_pb_text _builder_version=&#187;4.27.2&#8243; _module_preset=&#187;default&#187; global_colors_info=&#187;{}&#187;]<\/p>\n<p style=\"text-align: center;\">Haben Sie Fragen zu Ihrer Immobilie? Unsere umfassenden Checklisten und Leitf\u00e4den f\u00fcr Eigent\u00fcmer dum Download bieten Ihnen wertvolle Unterst\u00fctzung. Wir liefern Ihnen die richtigen Antworten und hilfreiche Informationen.<\/p>\n<p>[\/et_pb_text][\/et_pb_column][\/et_pb_row][et_pb_row column_structure=&#187;2_5,3_5&#8243; use_custom_gutter=&#187;on&#187; gutter_width=&#187;2&#8243; _builder_version=&#187;4.27.4&#8243; _dynamic_attributes=&#187;link_option_url&#187; _module_preset=&#187;default&#187; background_color=&#187;#FFFFFF&#187; custom_padding=&#187;|9px|25px|9px|false|false&#187; link_option_url=&#187;@ET-DC@eyJkeW5hbWljIjp0cnVlLCJjb250ZW50IjoicG9zdF9saW5rX3VybF9wYWdlIiwic2V0dGluZ3MiOnsicG9zdF9pZCI6IjMyNzAyIn19@&#187; border_radii=&#187;on|5px|5px|5px|5px&#187; border_color_all=&#187;rgba(118,120,138,0.2)&#187; global_colors_info=&#187;{}&#187;][et_pb_column type=&#187;2_5&#8243; _builder_version=&#187;4.27.2&#8243; _module_preset=&#187;default&#187; global_colors_info=&#187;{}&#187;][et_pb_text _builder_version=&#187;4.27.2&#8243; _module_preset=&#187;default&#187; text_font=&#187;|800|||||||&#187; text_text_color=&#187;#D62755&#8243; text_font_size=&#187;12px&#187; custom_margin=&#187;-10px||0px||false|false&#187; custom_padding=&#187;0px||0px||false|false&#187; text_text_shadow_style=&#187;preset1&#8243; global_colors_info=&#187;{}&#187;]<\/p>\n<p style=\"text-align: left;\">Bestseller<\/p>\n<p>[\/et_pb_text][et_pb_image src=&#187;http:\/\/rre.global\/wp-content\/uploads\/2025\/08\/Book-Cover-090125-XZHP.jpg&#187; title_text=&#187;Book-Cover-090125-XZHP&#187; _builder_version=&#187;4.27.4&#8243; _module_preset=&#187;default&#187; hover_enabled=&#187;0&#8243; global_colors_info=&#187;{}&#187; transform_styles__hover_enabled=&#187;on|hover&#187; transform_scale__hover_enabled=&#187;on|hover&#187; transform_translate__hover_enabled=&#187;on|desktop&#187; transform_rotate__hover_enabled=&#187;on|desktop&#187; transform_skew__hover_enabled=&#187;on|desktop&#187; transform_origin__hover_enabled=&#187;on|desktop&#187; transform_scale__hover=&#187;105%|105%&#187; sticky_enabled=&#187;0&#8243;][\/et_pb_image][\/et_pb_column][et_pb_column type=&#187;3_5&#8243; _builder_version=&#187;4.27.2&#8243; _module_preset=&#187;default&#187; global_colors_info=&#187;{}&#187;][et_pb_text _builder_version=&#187;4.27.2&#8243; _module_preset=&#187;default&#187; custom_margin=&#187;||||false|false&#187; custom_padding=&#187;0px||||false|false&#187; global_colors_info=&#187;{}&#187;]<\/p>\n<h3 style=\"font-weight: 400;\"><strong>Die Kunst des Immobilienverkaufs<\/strong><\/h3>\n<p style=\"font-weight: 400;\"><strong>Ihre Immobilie verdient den besten Preis \u2013 wir zeigen Ihnen, wie Sie ihn erzielen!<\/strong><\/p>\n<p><span>Entdecken Sie die entscheidenden Faktoren und Strategien, um Ihre Immobilie optimal zu verkaufen und maximieren Sie Ihren Verkaufserfolg!<\/span><\/p>\n<p><span class=\"OYPEnA font-feature-liga-off font-feature-clig-off font-feature-calt-off text-decoration-none text-strikethrough-none\">In diesem Leitfaden:<\/span><\/p>\n<ul>\n<li><span class=\"OYPEnA font-feature-liga-off font-feature-clig-off font-feature-calt-off text-decoration-none text-strikethrough-none\">Erfahren Sie, wie Sie den <\/span><strong><span class=\"OYPEnA font-feature-liga-off font-feature-clig-off font-feature-calt-off text-decoration-none text-strikethrough-none\">h\u00f6chsten Preis<\/span><\/strong><span class=\"OYPEnA font-feature-liga-off font-feature-clig-off font-feature-calt-off text-decoration-none text-strikethrough-none\"><strong> f\u00fcr Ihre Immobilie<\/strong> erzielen und den Verkauf unter optimalen Marktbedingungen durchf\u00fchren<\/span><\/li>\n<li><span class=\"OYPEnA font-feature-liga-off font-feature-clig-off font-feature-calt-off text-decoration-none text-strikethrough-none\">Wir zeigen Ihnen, wie ein <strong>zeitnaher und <\/strong><\/span><strong><span class=\"OYPEnA font-feature-liga-off font-feature-clig-off font-feature-calt-off text-decoration-none text-strikethrough-none\">reibungsloser Verkaufsabschluss<\/span><\/strong><span class=\"OYPEnA font-feature-liga-off font-feature-clig-off font-feature-calt-off text-decoration-none text-strikethrough-none\"> gelingt<\/span><\/li>\n<li><span class=\"OYPEnA font-feature-liga-off font-feature-clig-off font-feature-calt-off text-decoration-none text-strikethrough-none\">Sie lernen, wie Sie eine klare Kenntnis \u00fcber den <\/span><strong><span class=\"OYPEnA font-feature-liga-off font-feature-clig-off font-feature-calt-off text-decoration-none text-strikethrough-none\">Wert Ihrer Immobilie<\/span><\/strong><span class=\"OYPEnA font-feature-liga-off font-feature-clig-off font-feature-calt-off text-decoration-none text-strikethrough-none\"> erhalten und vieles mehr<\/span><span class=\"OYPEnA font-feature-liga-off font-feature-clig-off font-feature-calt-off text-decoration-none text-strikethrough-none\"><\/span><\/li>\n<\/ul>\n<p><span>Sprache: Deutsch<\/span><span><\/span><\/p>\n<p>[\/et_pb_text][et_pb_button button_url=&#187;@ET-DC@eyJkeW5hbWljIjp0cnVlLCJjb250ZW50IjoicG9zdF9saW5rX3VybF9wYWdlIiwic2V0dGluZ3MiOnsicG9zdF9pZCI6IjMyNzAyIn19@&#187; button_text=&#187;Mehr Erfahren&#187; _builder_version=&#187;4.27.2&#8243; _dynamic_attributes=&#187;button_url&#187; _module_preset=&#187;default&#187; custom_button=&#187;on&#187; button_bg_color=&#187;RGBA(255,255,255,0)&#187; locked=&#187;off&#187; global_colors_info=&#187;{}&#187;][\/et_pb_button][\/et_pb_column][\/et_pb_row][et_pb_row column_structure=&#187;2_5,3_5&#8243; _builder_version=&#187;4.27.2&#8243; _module_preset=&#187;default&#187; custom_margin=&#187;||150px||false|false&#187; global_colors_info=&#187;{}&#187;][et_pb_column type=&#187;2_5&#8243; _builder_version=&#187;4.27.2&#8243; _module_preset=&#187;default&#187; global_colors_info=&#187;{}&#187;][\/et_pb_column][et_pb_column type=&#187;3_5&#8243; _builder_version=&#187;4.27.2&#8243; _module_preset=&#187;default&#187; global_colors_info=&#187;{}&#187;][\/et_pb_column][\/et_pb_row][\/et_pb_section]<\/p>\n","protected":false},"excerpt":{"rendered":"<p>Haben Sie Fragen zu Ihrer Immobilie? Unsere umfassenden Checklisten und Leitf\u00e4den f\u00fcr Eigent\u00fcmer dum Download bieten Ihnen wertvolle Unterst\u00fctzung. Wir liefern Ihnen die richtigen Antworten und hilfreiche Informationen.BestsellerDie Kunst des Immobilienverkaufs Ihre Immobilie verdient den besten Preis \u2013 wir zeigen Ihnen, wie Sie ihn erzielen! Entdecken Sie die entscheidenden Faktoren und Strategien, um Ihre Immobilie [&hellip;]<\/p>\n","protected":false},"author":1,"featured_media":0,"parent":0,"menu_order":0,"comment_status":"closed","ping_status":"closed","template":"","meta":{"_et_pb_use_builder":"on","_et_pb_old_content":"","_et_gb_content_width":"","om_disable_all_campaigns":false,"_monsterinsights_skip_tracking":false,"_monsterinsights_sitenote_active":false,"_monsterinsights_sitenote_note":"","_monsterinsights_sitenote_category":0,"_uf_show_specific_survey":0,"_uf_disable_surveys":false,"footnotes":""},"class_list":["post-32465","page","type-page","status-publish","hentry"],"aioseo_notices":[],"_links":{"self":[{"href":"https:\/\/rre.global\/en\/wp-json\/wp\/v2\/pages\/32465","targetHints":{"allow":["GET"]}}],"collection":[{"href":"https:\/\/rre.global\/en\/wp-json\/wp\/v2\/pages"}],"about":[{"href":"https:\/\/rre.global\/en\/wp-json\/wp\/v2\/types\/page"}],"author":[{"embeddable":true,"href":"https:\/\/rre.global\/en\/wp-json\/wp\/v2\/users\/1"}],"replies":[{"embeddable":true,"href":"https:\/\/rre.global\/en\/wp-json\/wp\/v2\/comments?post=32465"}],"version-history":[{"count":74,"href":"https:\/\/rre.global\/en\/wp-json\/wp\/v2\/pages\/32465\/revisions"}],"predecessor-version":[{"id":35074,"href":"https:\/\/rre.global\/en\/wp-json\/wp\/v2\/pages\/32465\/revisions\/35074"}],"wp:attachment":[{"href":"https:\/\/rre.global\/en\/wp-json\/wp\/v2\/media?parent=32465"}],"curies":[{"name":"wp","href":"https:\/\/api.w.org\/{rel}","templated":true}]}}